{"id":3772,"date":"2023-07-30T14:05:26","date_gmt":"2023-07-30T17:05:26","guid":{"rendered":"https:\/\/enbim.com.br\/site\/?page_id=3772"},"modified":"2025-01-15T00:07:02","modified_gmt":"2025-01-15T03:07:02","slug":"galpao-ntz","status":"publish","type":"page","link":"https:\/\/enbim.com.br\/site\/portfolio\/galpao-ntz\/","title":{"rendered":"Galp\u00e3o NTZ"},"content":{"rendered":"\t\t<div data-elementor-type=\"wp-page\" data-elementor-id=\"3772\" class=\"elementor elementor-3772\" data-elementor-post-type=\"page\">\n\t\t\t\t<div class=\"elementor-element elementor-element-0f70f46 e-con-full e-flex e-con e-parent\" data-id=\"0f70f46\" data-element_type=\"container\">\n\t\t<div class=\"elementor-element elementor-element-8192aef e-con-full e-flex e-con e-child\" data-id=\"8192aef\" data-element_type=\"container\">\n\t\t<div class=\"elementor-element elementor-element-022e331 e-con-full e-flex e-con e-child\" data-id=\"022e331\" data-element_type=\"container\">\n\t\t\t\t<div class=\"elementor-element elementor-element-4a4d399 elementor-nav-menu__align-end elementor-nav-menu--dropdown-tablet elementor-nav-menu__text-align-aside elementor-nav-menu--toggle elementor-nav-menu--burger elementor-widget elementor-widget-nav-menu\" data-id=\"4a4d399\" data-element_type=\"widget\" data-settings=\"{&quot;layout&quot;:&quot;horizontal&quot;,&quot;submenu_icon&quot;:{&quot;value&quot;:&quot;&lt;svg class=\\&quot;e-font-icon-svg e-fas-caret-down\\&quot; viewBox=\\&quot;0 0 320 512\\&quot; xmlns=\\&quot;http:\\\/\\\/www.w3.org\\\/2000\\\/svg\\&quot;&gt;&lt;path d=\\&quot;M31.3 192h257.3c17.8 0 26.7 21.5 14.1 34.1L174.1 354.8c-7.8 7.8-20.5 7.8-28.3 0L17.2 226.1C4.6 213.5 13.5 192 31.3 192z\\&quot;&gt;&lt;\\\/path&gt;&lt;\\\/svg&gt;&quot;,&quot;library&quot;:&quot;fa-solid&quot;},&quot;toggle&quot;:&quot;burger&quot;}\" data-widget_type=\"nav-menu.default\">\n\t\t\t\t<div class=\"elementor-widget-container\">\n\t\t\t\t\t\t\t\t<nav class=\"elementor-nav-menu--main elementor-nav-menu__container elementor-nav-menu--layout-horizontal e--pointer-underline e--animation-fade\">\n\t\t\t\t<ul id=\"menu-1-4a4d399\" class=\"elementor-nav-menu\"><li class=\"menu-item menu-item-type-custom menu-item-object-custom menu-item-home menu-item-2955\"><a href=\"https:\/\/enbim.com.br\/site\/#home\" class=\"elementor-item elementor-item-anchor\">Home<\/a><\/li>\n<li class=\"menu-item menu-item-type-custom menu-item-object-custom menu-item-home menu-item-2954\"><a href=\"https:\/\/enbim.com.br\/site\/#pqnos\" class=\"elementor-item elementor-item-anchor\">Porque nos escolher<\/a><\/li>\n<li class=\"menu-item menu-item-type-custom menu-item-object-custom menu-item-home menu-item-2956\"><a href=\"https:\/\/enbim.com.br\/site\/#servicos\" class=\"elementor-item elementor-item-anchor\">Nossos servi\u00e7os<\/a><\/li>\n<li class=\"menu-item menu-item-type-custom menu-item-object-custom menu-item-home menu-item-2957\"><a href=\"https:\/\/enbim.com.br\/site\/#clientes-parceiros\" class=\"elementor-item elementor-item-anchor\">Clientes &#038; Parceiros<\/a><\/li>\n<li class=\"menu-item menu-item-type-post_type menu-item-object-page menu-item-4512\"><a href=\"https:\/\/enbim.com.br\/site\/popform\/\" class=\"elementor-item\">Contato<\/a><\/li>\n<li class=\"menu-item menu-item-type-post_type menu-item-object-page menu-item-2961\"><a href=\"https:\/\/enbim.com.br\/site\/portfolio\/\" class=\"elementor-item\">Portf\u00f3lio<\/a><\/li>\n<\/ul>\t\t\t<\/nav>\n\t\t\t\t\t<div class=\"elementor-menu-toggle\" role=\"button\" tabindex=\"0\" aria-label=\"Menu Toggle\" aria-expanded=\"false\">\n\t\t\t<svg aria-hidden=\"true\" role=\"presentation\" class=\"elementor-menu-toggle__icon--open e-font-icon-svg e-eicon-menu-bar\" viewBox=\"0 0 1000 1000\" xmlns=\"http:\/\/www.w3.org\/2000\/svg\"><path d=\"M104 333H896C929 333 958 304 958 271S929 208 896 208H104C71 208 42 237 42 271S71 333 104 333ZM104 583H896C929 583 958 554 958 521S929 458 896 458H104C71 458 42 487 42 521S71 583 104 583ZM104 833H896C929 833 958 804 958 771S929 708 896 708H104C71 708 42 737 42 771S71 833 104 833Z\"><\/path><\/svg><svg aria-hidden=\"true\" role=\"presentation\" class=\"elementor-menu-toggle__icon--close e-font-icon-svg e-eicon-close\" viewBox=\"0 0 1000 1000\" xmlns=\"http:\/\/www.w3.org\/2000\/svg\"><path d=\"M742 167L500 408 258 167C246 154 233 150 217 150 196 150 179 158 167 167 154 179 150 196 150 212 150 229 154 242 171 254L408 500 167 742C138 771 138 800 167 829 196 858 225 858 254 829L496 587 738 829C750 842 767 846 783 846 800 846 817 842 829 829 842 817 846 804 846 783 846 767 842 750 829 737L588 500 833 258C863 229 863 200 833 171 804 137 775 137 742 167Z\"><\/path><\/svg>\t\t\t<span class=\"elementor-screen-only\">Menu<\/span>\n\t\t<\/div>\n\t\t\t\t\t<nav class=\"elementor-nav-menu--dropdown elementor-nav-menu__container\" aria-hidden=\"true\">\n\t\t\t\t<ul id=\"menu-2-4a4d399\" class=\"elementor-nav-menu\"><li class=\"menu-item menu-item-type-custom menu-item-object-custom menu-item-home menu-item-2955\"><a href=\"https:\/\/enbim.com.br\/site\/#home\" class=\"elementor-item elementor-item-anchor\" tabindex=\"-1\">Home<\/a><\/li>\n<li class=\"menu-item menu-item-type-custom menu-item-object-custom menu-item-home menu-item-2954\"><a href=\"https:\/\/enbim.com.br\/site\/#pqnos\" class=\"elementor-item elementor-item-anchor\" tabindex=\"-1\">Porque nos escolher<\/a><\/li>\n<li class=\"menu-item menu-item-type-custom menu-item-object-custom menu-item-home menu-item-2956\"><a href=\"https:\/\/enbim.com.br\/site\/#servicos\" class=\"elementor-item elementor-item-anchor\" tabindex=\"-1\">Nossos servi\u00e7os<\/a><\/li>\n<li class=\"menu-item menu-item-type-custom menu-item-object-custom menu-item-home menu-item-2957\"><a href=\"https:\/\/enbim.com.br\/site\/#clientes-parceiros\" class=\"elementor-item elementor-item-anchor\" tabindex=\"-1\">Clientes &#038; Parceiros<\/a><\/li>\n<li class=\"menu-item menu-item-type-post_type menu-item-object-page menu-item-4512\"><a href=\"https:\/\/enbim.com.br\/site\/popform\/\" class=\"elementor-item\" tabindex=\"-1\">Contato<\/a><\/li>\n<li class=\"menu-item menu-item-type-post_type menu-item-object-page menu-item-2961\"><a href=\"https:\/\/enbim.com.br\/site\/portfolio\/\" class=\"elementor-item\" tabindex=\"-1\">Portf\u00f3lio<\/a><\/li>\n<\/ul>\t\t\t<\/nav>\n\t\t\t\t\t\t<\/div>\n\t\t\t\t<\/div>\n\t\t\t\t<\/div>\n\t\t\t\t<\/div>\n\t\t<div class=\"elementor-element elementor-element-12f4e8b e-con-full e-flex e-con e-child\" data-id=\"12f4e8b\" data-element_type=\"container\">\n\t\t<div class=\"elementor-element elementor-element-67469c7 e-con-full e-flex e-con e-child\" data-id=\"67469c7\" data-element_type=\"container\">\n\t\t\t\t<div class=\"elementor-element elementor-element-7d33781 elementor-invisible elementor-widget elementor-widget-text-editor\" data-id=\"7d33781\" data-element_type=\"widget\" data-settings=\"{&quot;_animation&quot;:&quot;fadeInDown&quot;}\" data-widget_type=\"text-editor.default\">\n\t\t\t\t<div class=\"elementor-widget-container\">\n\t\t\t\t\t\t\t\t\t<p>Projeto comercial<\/p>\t\t\t\t\t\t\t\t<\/div>\n\t\t\t\t<\/div>\n\t\t\t\t<div class=\"elementor-element elementor-element-db77438 animated-slow elementor-invisible elementor-widget elementor-widget-heading\" data-id=\"db77438\" data-element_type=\"widget\" data-settings=\"{&quot;_animation&quot;:&quot;fadeIn&quot;,&quot;_animation_delay&quot;:600}\" data-widget_type=\"heading.default\">\n\t\t\t\t<div class=\"elementor-widget-container\">\n\t\t\t\t\t<h2 class=\"elementor-heading-title elementor-size-default\">GALP\u00c3O\nNTZ<\/h2>\t\t\t\t<\/div>\n\t\t\t\t<\/div>\n\t\t\t\t<div class=\"elementor-element elementor-element-49743dd elementor-invisible elementor-widget elementor-widget-text-editor\" data-id=\"49743dd\" data-element_type=\"widget\" data-settings=\"{&quot;_animation_delay&quot;:600,&quot;_animation&quot;:&quot;fadeInUp&quot;}\" data-widget_type=\"text-editor.default\">\n\t\t\t\t<div class=\"elementor-widget-container\">\n\t\t\t\t\t\t\t\t\t<p>A ideia deste espa\u00e7o, \u00e9 ser multifuncional, contendo um estilo mais industrial, este galp\u00e3o pode n\u00e3o somente abrigar com\u00e9rcios como oficinas ou lojas de som, como tamb\u00e9m todo tipo de com\u00e9rcio que busque um espa\u00e7o amplo, diferenciado, com p\u00e9 direito alto, abrigando um mezanino, com um visual em tijolo aparente, concreto e a\u00e7o.<\/p>\t\t\t\t\t\t\t\t<\/div>\n\t\t\t\t<\/div>\n\t\t\t\t<\/div>\n\t\t<div class=\"elementor-element elementor-element-d4399c8 e-con-full e-flex e-con e-child\" data-id=\"d4399c8\" data-element_type=\"container\">\n\t\t\t\t<div class=\"elementor-element elementor-element-c5dfd2b elementor-invisible elementor-widget elementor-widget-text-editor\" data-id=\"c5dfd2b\" data-element_type=\"widget\" data-settings=\"{&quot;_animation&quot;:&quot;fadeInDown&quot;}\" data-widget_type=\"text-editor.default\">\n\t\t\t\t<div class=\"elementor-widget-container\">\n\t\t\t\t\t\t\t\t\t<pre>\u00c1rea do Projeto: <span style=\"text-decoration: underline;\"><strong>212,46m\u00b2<\/strong><\/span><\/pre>\t\t\t\t\t\t\t\t<\/div>\n\t\t\t\t<\/div>\n\t\t\t\t<div class=\"elementor-element elementor-element-fc4d15d elementor-widget elementor-widget-image\" data-id=\"fc4d15d\" data-element_type=\"widget\" data-widget_type=\"image.default\">\n\t\t\t\t<div class=\"elementor-widget-container\">\n\t\t\t\t\t\t\t\t\t\t\t\t\t\t\t\t<a href=\"https:\/\/enbim.com.br\/site\/wp-content\/uploads\/2023\/07\/GALPAO-NTZ-2.jpg\" data-elementor-open-lightbox=\"yes\" data-elementor-lightbox-title=\"GALP\u00c3O NTZ (2)\" data-e-action-hash=\"#elementor-action%3Aaction%3Dlightbox%26settings%3DeyJpZCI6MTU3MSwidXJsIjoiaHR0cHM6XC9cL2VuYmltLmNvbS5iclwvc2l0ZVwvd3AtY29udGVudFwvdXBsb2Fkc1wvMjAyM1wvMDdcL0dBTFBBTy1OVFotMi5qcGcifQ%3D%3D\">\n\t\t\t\t\t\t\t<img decoding=\"async\" src=\"https:\/\/enbim.com.br\/site\/wp-content\/uploads\/elementor\/thumbs\/GALPAO-NTZ-2-q9bcxv0dn64zg22su9przprjmddrihxqxfqu49syjk.jpg\" title=\"GALP\u00c3O NTZ (2)\" alt=\"GALP\u00c3O NTZ (2)\" class=\"elementor-animation-float\" loading=\"lazy\" \/>\t\t\t\t\t\t\t\t<\/a>\n\t\t\t\t\t\t\t\t\t\t\t\t\t\t\t<\/div>\n\t\t\t\t<\/div>\n\t\t\t\t<\/div>\n\t\t<div class=\"elementor-element elementor-element-01e6f07 e-con-full e-flex e-con e-child\" data-id=\"01e6f07\" data-element_type=\"container\">\n\t\t\t\t<div class=\"elementor-element elementor-element-e0a5a23 elementor-widget elementor-widget-image\" data-id=\"e0a5a23\" data-element_type=\"widget\" data-widget_type=\"image.default\">\n\t\t\t\t<div class=\"elementor-widget-container\">\n\t\t\t\t\t\t\t\t\t\t\t\t\t\t\t\t<a href=\"https:\/\/enbim.com.br\/site\/wp-content\/uploads\/2023\/07\/GALPAO-NTZ-3.jpg\" data-elementor-open-lightbox=\"yes\" data-elementor-lightbox-title=\"GALP\u00c3O NTZ (3)\" data-e-action-hash=\"#elementor-action%3Aaction%3Dlightbox%26settings%3DeyJpZCI6MTU3MiwidXJsIjoiaHR0cHM6XC9cL2VuYmltLmNvbS5iclwvc2l0ZVwvd3AtY29udGVudFwvdXBsb2Fkc1wvMjAyM1wvMDdcL0dBTFBBTy1OVFotMy5qcGcifQ%3D%3D\">\n\t\t\t\t\t\t\t<img decoding=\"async\" src=\"https:\/\/enbim.com.br\/site\/wp-content\/uploads\/elementor\/thumbs\/GALPAO-NTZ-3-q9bcxww6w98qujwpick1c5ztvqdedt6mczftgrf9z4.jpg\" title=\"GALP\u00c3O NTZ (3)\" alt=\"GALP\u00c3O NTZ (3)\" class=\"elementor-animation-float\" loading=\"lazy\" \/>\t\t\t\t\t\t\t\t<\/a>\n\t\t\t\t\t\t\t\t\t\t\t\t\t\t\t<\/div>\n\t\t\t\t<\/div>\n\t\t\t\t<div class=\"elementor-element elementor-element-96b930e elementor-invisible elementor-widget elementor-widget-text-editor\" data-id=\"96b930e\" data-element_type=\"widget\" data-settings=\"{&quot;_animation_delay&quot;:600,&quot;_animation&quot;:&quot;fadeInUp&quot;}\" data-widget_type=\"text-editor.default\">\n\t\t\t\t<div class=\"elementor-widget-container\">\n\t\t\t\t\t\t\t\t\t<p>A \u00e1rea externa desse projeto recebeu acabamento, e pintura cinza, contendo esquadrias de alum\u00ednio preto, seguindo a tend\u00eancia de mercado.<\/p><p>Possui algumas vagas de estacionamento, em paver e concregrama.<\/p><p>A estrutura \u00e9 de concreto convencional, e a cobertura \u00e9 toda met\u00e1lica.<\/p>\t\t\t\t\t\t\t\t<\/div>\n\t\t\t\t<\/div>\n\t\t\t\t<\/div>\n\t\t\t\t<\/div>\n\t\t<div class=\"elementor-element elementor-element-f9e15b1 e-con-full e-flex e-con e-child\" data-id=\"f9e15b1\" data-element_type=\"container\">\n\t\t<div class=\"elementor-element elementor-element-ca174f4 e-con-full e-flex e-con e-child\" data-id=\"ca174f4\" data-element_type=\"container\">\n\t\t\t\t<div class=\"elementor-element elementor-element-7160228 elementor-widget elementor-widget-image\" data-id=\"7160228\" data-element_type=\"widget\" data-widget_type=\"image.default\">\n\t\t\t\t<div class=\"elementor-widget-container\">\n\t\t\t\t\t\t\t\t\t\t\t\t\t\t\t\t<a href=\"https:\/\/enbim.com.br\/site\/wp-content\/uploads\/2023\/07\/GALPAO-NTZ-6.jpg\" data-elementor-open-lightbox=\"yes\" data-elementor-lightbox-title=\"GALP\u00c3O NTZ (6)\" data-e-action-hash=\"#elementor-action%3Aaction%3Dlightbox%26settings%3DeyJpZCI6MTU3NSwidXJsIjoiaHR0cHM6XC9cL2VuYmltLmNvbS5iclwvc2l0ZVwvd3AtY29udGVudFwvdXBsb2Fkc1wvMjAyM1wvMDdcL0dBTFBBTy1OVFotNi5qcGcifQ%3D%3D\">\n\t\t\t\t\t\t\t<img decoding=\"async\" src=\"https:\/\/enbim.com.br\/site\/wp-content\/uploads\/elementor\/thumbs\/GALPAO-NTZ-6-q9bcy2j819ggs7oilezsr4klg1llnzt0drcqcf6wxs.jpg\" title=\"GALP\u00c3O NTZ (6)\" alt=\"GALP\u00c3O NTZ (6)\" class=\"elementor-animation-float\" loading=\"lazy\" \/>\t\t\t\t\t\t\t\t<\/a>\n\t\t\t\t\t\t\t\t\t\t\t\t\t\t\t<\/div>\n\t\t\t\t<\/div>\n\t\t\t\t<\/div>\n\t\t<div class=\"elementor-element elementor-element-b1d2d21 e-con-full e-flex e-con e-child\" data-id=\"b1d2d21\" data-element_type=\"container\">\n\t\t\t\t<div class=\"elementor-element elementor-element-8a59be9 elementor-widget elementor-widget-image\" data-id=\"8a59be9\" data-element_type=\"widget\" data-widget_type=\"image.default\">\n\t\t\t\t<div class=\"elementor-widget-container\">\n\t\t\t\t\t\t\t\t\t\t\t\t\t\t\t\t<a href=\"https:\/\/enbim.com.br\/site\/wp-content\/uploads\/2023\/07\/GALPAO-NTZ-7.jpg\" data-elementor-open-lightbox=\"yes\" data-elementor-lightbox-title=\"GALP\u00c3O NTZ (7)\" data-e-action-hash=\"#elementor-action%3Aaction%3Dlightbox%26settings%3DeyJpZCI6MTU3NiwidXJsIjoiaHR0cHM6XC9cL2VuYmltLmNvbS5iclwvc2l0ZVwvd3AtY29udGVudFwvdXBsb2Fkc1wvMjAyM1wvMDdcL0dBTFBBTy1OVFotNy5qcGcifQ%3D%3D\">\n\t\t\t\t\t\t\t<img decoding=\"async\" src=\"https:\/\/enbim.com.br\/site\/wp-content\/uploads\/elementor\/thumbs\/GALPAO-NTZ-7-q9bcy5cqlrkbr1kf4y7ogluz877pb347e5b6s92qf4.jpg\" title=\"GALP\u00c3O NTZ (7)\" alt=\"GALP\u00c3O NTZ (7)\" class=\"elementor-animation-float\" loading=\"lazy\" \/>\t\t\t\t\t\t\t\t<\/a>\n\t\t\t\t\t\t\t\t\t\t\t\t\t\t\t<\/div>\n\t\t\t\t<\/div>\n\t\t\t\t<\/div>\n\t\t<div class=\"elementor-element elementor-element-91bd535 e-con-full e-flex e-con e-child\" data-id=\"91bd535\" data-element_type=\"container\">\n\t\t\t\t<div class=\"elementor-element elementor-element-f07143d elementor-widget elementor-widget-image\" data-id=\"f07143d\" data-element_type=\"widget\" data-widget_type=\"image.default\">\n\t\t\t\t<div class=\"elementor-widget-container\">\n\t\t\t\t\t\t\t\t\t\t\t\t\t\t\t\t<a href=\"https:\/\/enbim.com.br\/site\/wp-content\/uploads\/2023\/07\/GALPAO-NTZ-1.jpg\" data-elementor-open-lightbox=\"yes\" data-elementor-lightbox-title=\"GALP\u00c3O NTZ (1)\" data-e-action-hash=\"#elementor-action%3Aaction%3Dlightbox%26settings%3DeyJpZCI6MTU3MCwidXJsIjoiaHR0cHM6XC9cL2VuYmltLmNvbS5iclwvc2l0ZVwvd3AtY29udGVudFwvdXBsb2Fkc1wvMjAyM1wvMDdcL0dBTFBBTy1OVFotMS5qcGcifQ%3D%3D\">\n\t\t\t\t\t\t\t<img decoding=\"async\" src=\"https:\/\/enbim.com.br\/site\/wp-content\/uploads\/elementor\/thumbs\/GALPAO-NTZ-1-q9bcxt4u4x3lk4264axj26xzi6vxj0rp0gtvjnkuo0.jpg\" title=\"GALP\u00c3O NTZ (1)\" alt=\"GALP\u00c3O NTZ (1)\" class=\"elementor-animation-float\" loading=\"lazy\" \/>\t\t\t\t\t\t\t\t<\/a>\n\t\t\t\t\t\t\t\t\t\t\t\t\t\t\t<\/div>\n\t\t\t\t<\/div>\n\t\t\t\t<\/div>\n\t\t\t\t<\/div>\n\t\t<div class=\"elementor-element elementor-element-a0dc5f8 e-con-full e-flex e-con e-child\" data-id=\"a0dc5f8\" data-element_type=\"container\">\n\t\t<div class=\"elementor-element elementor-element-c479e92 e-con-full e-flex e-con e-child\" data-id=\"c479e92\" data-element_type=\"container\">\n\t\t\t\t<div class=\"elementor-element elementor-element-f40ca92 elementor-widget elementor-widget-image\" data-id=\"f40ca92\" data-element_type=\"widget\" data-widget_type=\"image.default\">\n\t\t\t\t<div class=\"elementor-widget-container\">\n\t\t\t\t\t\t\t\t\t\t\t\t\t\t\t\t<a href=\"https:\/\/enbim.com.br\/site\/wp-content\/uploads\/2023\/07\/GALPAO-NTZ-4.jpg\" data-elementor-open-lightbox=\"yes\" data-elementor-lightbox-title=\"GALP\u00c3O NTZ (4)\" data-e-action-hash=\"#elementor-action%3Aaction%3Dlightbox%26settings%3DeyJpZCI6MTU3MywidXJsIjoiaHR0cHM6XC9cL2VuYmltLmNvbS5iclwvc2l0ZVwvd3AtY29udGVudFwvdXBsb2Fkc1wvMjAyM1wvMDdcL0dBTFBBTy1OVFotNC5qcGcifQ%3D%3D\">\n\t\t\t\t\t\t\t<img decoding=\"async\" src=\"https:\/\/enbim.com.br\/site\/wp-content\/uploads\/elementor\/thumbs\/GALPAO-NTZ-4-q9bcxyrv9xbnrq8jt0krlf0rat6nkqkslc1hn39h20.jpg\" title=\"GALP\u00c3O NTZ (4)\" alt=\"GALP\u00c3O NTZ (4)\" class=\"elementor-animation-float\" loading=\"lazy\" \/>\t\t\t\t\t\t\t\t<\/a>\n\t\t\t\t\t\t\t\t\t\t\t\t\t\t\t<\/div>\n\t\t\t\t<\/div>\n\t\t\t\t<\/div>\n\t\t<div class=\"elementor-element elementor-element-3ad7be1 e-con-full e-flex e-con e-child\" data-id=\"3ad7be1\" data-element_type=\"container\">\n\t\t\t\t<div class=\"elementor-element elementor-element-1ec359a elementor-widget elementor-widget-image\" data-id=\"1ec359a\" data-element_type=\"widget\" data-widget_type=\"image.default\">\n\t\t\t\t<div class=\"elementor-widget-container\">\n\t\t\t\t\t\t\t\t\t\t\t\t\t\t\t\t<a href=\"https:\/\/enbim.com.br\/site\/wp-content\/uploads\/2023\/07\/GALPAO-NTZ-5.jpg\" data-elementor-open-lightbox=\"yes\" data-elementor-lightbox-title=\"GALP\u00c3O NTZ (5)\" data-e-action-hash=\"#elementor-action%3Aaction%3Dlightbox%26settings%3DeyJpZCI6MTU3NCwidXJsIjoiaHR0cHM6XC9cL2VuYmltLmNvbS5iclwvc2l0ZVwvd3AtY29udGVudFwvdXBsb2Fkc1wvMjAyM1wvMDdcL0dBTFBBTy1OVFotNS5qcGcifQ%3D%3D\">\n\t\t\t\t\t\t\t<img decoding=\"async\" src=\"https:\/\/enbim.com.br\/site\/wp-content\/uploads\/elementor\/thumbs\/GALPAO-NTZ-5-q9bcy0njnldw4zr8we6jm51o99uv8lljpi1rdv9pa8.jpg\" title=\"GALP\u00c3O NTZ (5)\" alt=\"GALP\u00c3O NTZ (5)\" class=\"elementor-animation-float\" loading=\"lazy\" \/>\t\t\t\t\t\t\t\t<\/a>\n\t\t\t\t\t\t\t\t\t\t\t\t\t\t\t<\/div>\n\t\t\t\t<\/div>\n\t\t\t\t<\/div>\n\t\t\t\t<\/div>\n\t\t\t\t<\/div>\n\t\t<!-- dce invisible element 8cb76d0 -->\t\t<\/div>\n\t\t","protected":false},"excerpt":{"rendered":"<p>Projeto comercial GALP\u00c3O NTZ A ideia deste espa\u00e7o, \u00e9 ser multifuncional, contendo um estilo mais industrial, este galp\u00e3o pode n\u00e3o somente abrigar com\u00e9rcios como oficinas ou lojas de som, como tamb\u00e9m todo tipo de com\u00e9rcio que busque um espa\u00e7o amplo, diferenciado, com p\u00e9 direito alto, abrigando um mezanino, com um visual em tijolo aparente, concreto [&hellip;]<\/p>\n","protected":false},"author":1,"featured_media":0,"parent":2959,"menu_order":0,"comment_status":"closed","ping_status":"closed","template":"elementor_header_footer","meta":{"inline_featured_image":false,"footnotes":""},"class_list":["post-3772","page","type-page","status-publish","hentry","fbv_pt_tax_page-projetos"],"_links":{"self":[{"href":"https:\/\/enbim.com.br\/site\/wp-json\/wp\/v2\/pages\/3772","targetHints":{"allow":["GET"]}}],"collection":[{"href":"https:\/\/enbim.com.br\/site\/wp-json\/wp\/v2\/pages"}],"about":[{"href":"https:\/\/enbim.com.br\/site\/wp-json\/wp\/v2\/types\/page"}],"author":[{"embeddable":true,"href":"https:\/\/enbim.com.br\/site\/wp-json\/wp\/v2\/users\/1"}],"replies":[{"embeddable":true,"href":"https:\/\/enbim.com.br\/site\/wp-json\/wp\/v2\/comments?post=3772"}],"version-history":[{"count":7,"href":"https:\/\/enbim.com.br\/site\/wp-json\/wp\/v2\/pages\/3772\/revisions"}],"predecessor-version":[{"id":4624,"href":"https:\/\/enbim.com.br\/site\/wp-json\/wp\/v2\/pages\/3772\/revisions\/4624"}],"up":[{"embeddable":true,"href":"https:\/\/enbim.com.br\/site\/wp-json\/wp\/v2\/pages\/2959"}],"wp:attachment":[{"href":"https:\/\/enbim.com.br\/site\/wp-json\/wp\/v2\/media?parent=3772"}],"curies":[{"name":"wp","href":"https:\/\/api.w.org\/{rel}","templated":true}]}}