{"id":3777,"date":"2023-07-31T14:10:58","date_gmt":"2023-07-31T17:10:58","guid":{"rendered":"https:\/\/enbim.com.br\/site\/?page_id=3777"},"modified":"2025-01-15T00:12:13","modified_gmt":"2025-01-15T03:12:13","slug":"loja-ntz","status":"publish","type":"page","link":"https:\/\/enbim.com.br\/site\/portfolio\/loja-ntz\/","title":{"rendered":"Loja NTZ"},"content":{"rendered":"\t\t<div data-elementor-type=\"wp-page\" data-elementor-id=\"3777\" class=\"elementor elementor-3777\" data-elementor-post-type=\"page\">\n\t\t\t\t<div class=\"elementor-element elementor-element-e259411 e-con-full e-flex e-con e-parent\" data-id=\"e259411\" data-element_type=\"container\">\n\t\t<div class=\"elementor-element elementor-element-2f19121 e-con-full e-flex e-con e-child\" data-id=\"2f19121\" data-element_type=\"container\">\n\t\t<div class=\"elementor-element elementor-element-ea295a4 e-con-full e-flex e-con e-child\" data-id=\"ea295a4\" data-element_type=\"container\">\n\t\t\t\t<div class=\"elementor-element elementor-element-b74756e elementor-nav-menu__align-end elementor-nav-menu--dropdown-none elementor-widget elementor-widget-nav-menu\" data-id=\"b74756e\" data-element_type=\"widget\" data-settings=\"{&quot;layout&quot;:&quot;horizontal&quot;,&quot;submenu_icon&quot;:{&quot;value&quot;:&quot;&lt;svg class=\\&quot;e-font-icon-svg e-fas-caret-down\\&quot; viewBox=\\&quot;0 0 320 512\\&quot; xmlns=\\&quot;http:\\\/\\\/www.w3.org\\\/2000\\\/svg\\&quot;&gt;&lt;path d=\\&quot;M31.3 192h257.3c17.8 0 26.7 21.5 14.1 34.1L174.1 354.8c-7.8 7.8-20.5 7.8-28.3 0L17.2 226.1C4.6 213.5 13.5 192 31.3 192z\\&quot;&gt;&lt;\\\/path&gt;&lt;\\\/svg&gt;&quot;,&quot;library&quot;:&quot;fa-solid&quot;}}\" data-widget_type=\"nav-menu.default\">\n\t\t\t\t<div class=\"elementor-widget-container\">\n\t\t\t\t\t\t\t\t<nav class=\"elementor-nav-menu--main elementor-nav-menu__container elementor-nav-menu--layout-horizontal e--pointer-underline e--animation-fade\">\n\t\t\t\t<ul id=\"menu-1-b74756e\" class=\"elementor-nav-menu\"><li class=\"menu-item menu-item-type-custom menu-item-object-custom menu-item-has-children menu-item-3676\"><a class=\"elementor-item\">Outros projetos<\/a>\n<ul class=\"sub-menu elementor-nav-menu--dropdown\">\n\t<li class=\"menu-item menu-item-type-custom menu-item-object-custom menu-item-has-children menu-item-3864\"><a class=\"elementor-sub-item\">Educacional<\/a>\n\t<ul class=\"sub-menu elementor-nav-menu--dropdown\">\n\t\t<li class=\"menu-item menu-item-type-post_type menu-item-object-page menu-item-3674\"><a href=\"https:\/\/enbim.com.br\/site\/portfolio\/cmei\/\" class=\"elementor-sub-item\">CMEI<\/a><\/li>\n\t\t<li class=\"menu-item menu-item-type-post_type menu-item-object-page menu-item-3863\"><a href=\"https:\/\/enbim.com.br\/site\/portfolio\/escola-municipal-pp\/\" class=\"elementor-sub-item\">Escola Municipal PP<\/a><\/li>\n\t\t<li class=\"menu-item menu-item-type-post_type menu-item-object-page menu-item-3862\"><a href=\"https:\/\/enbim.com.br\/site\/portfolio\/escola-municipal-ai\/\" class=\"elementor-sub-item\">Escola Municipal AI<\/a><\/li>\n\t\t<li class=\"menu-item menu-item-type-post_type menu-item-object-page menu-item-3861\"><a href=\"https:\/\/enbim.com.br\/site\/portfolio\/escola-municipal-vm\/\" class=\"elementor-sub-item\">Escola Municipal VM<\/a><\/li>\n\t\t<li class=\"menu-item menu-item-type-post_type menu-item-object-page menu-item-3856\"><a href=\"https:\/\/enbim.com.br\/site\/portfolio\/escola-municipal-php\/\" class=\"elementor-sub-item\">Escola Municipal PHP<\/a><\/li>\n\t\t<li class=\"menu-item menu-item-type-post_type menu-item-object-page menu-item-3855\"><a href=\"https:\/\/enbim.com.br\/site\/portfolio\/cei-mdm\/\" class=\"elementor-sub-item\">CEI MdM<\/a><\/li>\n\t<\/ul>\n<\/li>\n\t<li class=\"menu-item menu-item-type-custom menu-item-object-custom menu-item-has-children menu-item-3865\"><a class=\"elementor-sub-item\">Institucional<\/a>\n\t<ul class=\"sub-menu elementor-nav-menu--dropdown\">\n\t\t<li class=\"menu-item menu-item-type-post_type menu-item-object-page menu-item-3802\"><a href=\"https:\/\/enbim.com.br\/site\/portfolio\/bombeiros-sc-pa\/\" class=\"elementor-sub-item\">Bombeiros SC PA<\/a><\/li>\n\t\t<li class=\"menu-item menu-item-type-post_type menu-item-object-page menu-item-3854\"><a href=\"https:\/\/enbim.com.br\/site\/portfolio\/bombeiros-sc-qa\/\" class=\"elementor-sub-item\">Bombeiros SC QA<\/a><\/li>\n\t\t<li class=\"menu-item menu-item-type-post_type menu-item-object-page menu-item-3859\"><a href=\"https:\/\/enbim.com.br\/site\/portfolio\/centro-atendimento-ao-turista\/\" class=\"elementor-sub-item\">Centro Atendimento ao Turista<\/a><\/li>\n\t\t<li class=\"menu-item menu-item-type-post_type menu-item-object-page menu-item-3858\"><a href=\"https:\/\/enbim.com.br\/site\/portfolio\/cras\/\" class=\"elementor-sub-item\">Centro de Refer\u00eancia da Assist\u00eancia Social<\/a><\/li>\n\t\t<li class=\"menu-item menu-item-type-post_type menu-item-object-page menu-item-3857\"><a href=\"https:\/\/enbim.com.br\/site\/portfolio\/ginasio-pumptrack\/\" class=\"elementor-sub-item\">Gin\u00e1sio &#038; Pumptrack<\/a><\/li>\n\t<\/ul>\n<\/li>\n\t<li class=\"menu-item menu-item-type-custom menu-item-object-custom menu-item-has-children menu-item-3866\"><a class=\"elementor-sub-item\">Comercial<\/a>\n\t<ul class=\"sub-menu elementor-nav-menu--dropdown\">\n\t\t<li class=\"menu-item menu-item-type-post_type menu-item-object-page menu-item-3807\"><a href=\"https:\/\/enbim.com.br\/site\/portfolio\/hotel-sesc-bonito\/\" class=\"elementor-sub-item\">Hotel Sesc Bonito<\/a><\/li>\n\t\t<li class=\"menu-item menu-item-type-post_type menu-item-object-page menu-item-3658\"><a href=\"https:\/\/enbim.com.br\/site\/portfolio\/comercial-slm\/\" class=\"elementor-sub-item\">Comercial SLM<\/a><\/li>\n\t\t<li class=\"menu-item menu-item-type-post_type menu-item-object-page menu-item-3806\"><a href=\"https:\/\/enbim.com.br\/site\/portfolio\/galpoes-rj\/\" class=\"elementor-sub-item\">Galp\u00f5es RJ<\/a><\/li>\n\t\t<li class=\"menu-item menu-item-type-post_type menu-item-object-page menu-item-3805\"><a href=\"https:\/\/enbim.com.br\/site\/portfolio\/galpao-ntz\/\" class=\"elementor-sub-item\">Galp\u00e3o NTZ<\/a><\/li>\n\t\t<li class=\"menu-item menu-item-type-post_type menu-item-object-page menu-item-3803\"><a href=\"https:\/\/enbim.com.br\/site\/portfolio\/edf-comercial-ntz\/\" class=\"elementor-sub-item\">Edf. Comercial NTZ<\/a><\/li>\n\t\t<li class=\"menu-item menu-item-type-post_type menu-item-object-page menu-item-3804\"><a href=\"https:\/\/enbim.com.br\/site\/portfolio\/loja-ntz\/\" class=\"elementor-sub-item\">Loja NTZ<\/a><\/li>\n\t\t<li class=\"menu-item menu-item-type-post_type menu-item-object-page menu-item-3860\"><a href=\"https:\/\/enbim.com.br\/site\/portfolio\/cd-intelbras\/\" class=\"elementor-sub-item\">CD Intelbras<\/a><\/li>\n\t<\/ul>\n<\/li>\n\t<li class=\"menu-item menu-item-type-custom menu-item-object-custom menu-item-3867\"><a class=\"elementor-sub-item\">Residencial<\/a><\/li>\n<\/ul>\n<\/li>\n<\/ul>\t\t\t<\/nav>\n\t\t\t\t\t\t<nav class=\"elementor-nav-menu--dropdown elementor-nav-menu__container\" aria-hidden=\"true\">\n\t\t\t\t<ul id=\"menu-2-b74756e\" class=\"elementor-nav-menu\"><li class=\"menu-item menu-item-type-custom menu-item-object-custom menu-item-has-children menu-item-3676\"><a class=\"elementor-item\" tabindex=\"-1\">Outros projetos<\/a>\n<ul class=\"sub-menu elementor-nav-menu--dropdown\">\n\t<li class=\"menu-item menu-item-type-custom menu-item-object-custom menu-item-has-children menu-item-3864\"><a class=\"elementor-sub-item\" tabindex=\"-1\">Educacional<\/a>\n\t<ul class=\"sub-menu elementor-nav-menu--dropdown\">\n\t\t<li class=\"menu-item menu-item-type-post_type menu-item-object-page menu-item-3674\"><a href=\"https:\/\/enbim.com.br\/site\/portfolio\/cmei\/\" class=\"elementor-sub-item\" tabindex=\"-1\">CMEI<\/a><\/li>\n\t\t<li class=\"menu-item menu-item-type-post_type menu-item-object-page menu-item-3863\"><a href=\"https:\/\/enbim.com.br\/site\/portfolio\/escola-municipal-pp\/\" class=\"elementor-sub-item\" tabindex=\"-1\">Escola Municipal PP<\/a><\/li>\n\t\t<li class=\"menu-item menu-item-type-post_type menu-item-object-page menu-item-3862\"><a href=\"https:\/\/enbim.com.br\/site\/portfolio\/escola-municipal-ai\/\" class=\"elementor-sub-item\" tabindex=\"-1\">Escola Municipal AI<\/a><\/li>\n\t\t<li class=\"menu-item menu-item-type-post_type menu-item-object-page menu-item-3861\"><a href=\"https:\/\/enbim.com.br\/site\/portfolio\/escola-municipal-vm\/\" class=\"elementor-sub-item\" tabindex=\"-1\">Escola Municipal VM<\/a><\/li>\n\t\t<li class=\"menu-item menu-item-type-post_type menu-item-object-page menu-item-3856\"><a href=\"https:\/\/enbim.com.br\/site\/portfolio\/escola-municipal-php\/\" class=\"elementor-sub-item\" tabindex=\"-1\">Escola Municipal PHP<\/a><\/li>\n\t\t<li class=\"menu-item menu-item-type-post_type menu-item-object-page menu-item-3855\"><a href=\"https:\/\/enbim.com.br\/site\/portfolio\/cei-mdm\/\" class=\"elementor-sub-item\" tabindex=\"-1\">CEI MdM<\/a><\/li>\n\t<\/ul>\n<\/li>\n\t<li class=\"menu-item menu-item-type-custom menu-item-object-custom menu-item-has-children menu-item-3865\"><a class=\"elementor-sub-item\" tabindex=\"-1\">Institucional<\/a>\n\t<ul class=\"sub-menu elementor-nav-menu--dropdown\">\n\t\t<li class=\"menu-item menu-item-type-post_type menu-item-object-page menu-item-3802\"><a href=\"https:\/\/enbim.com.br\/site\/portfolio\/bombeiros-sc-pa\/\" class=\"elementor-sub-item\" tabindex=\"-1\">Bombeiros SC PA<\/a><\/li>\n\t\t<li class=\"menu-item menu-item-type-post_type menu-item-object-page menu-item-3854\"><a href=\"https:\/\/enbim.com.br\/site\/portfolio\/bombeiros-sc-qa\/\" class=\"elementor-sub-item\" tabindex=\"-1\">Bombeiros SC QA<\/a><\/li>\n\t\t<li class=\"menu-item menu-item-type-post_type menu-item-object-page menu-item-3859\"><a href=\"https:\/\/enbim.com.br\/site\/portfolio\/centro-atendimento-ao-turista\/\" class=\"elementor-sub-item\" tabindex=\"-1\">Centro Atendimento ao Turista<\/a><\/li>\n\t\t<li class=\"menu-item menu-item-type-post_type menu-item-object-page menu-item-3858\"><a href=\"https:\/\/enbim.com.br\/site\/portfolio\/cras\/\" class=\"elementor-sub-item\" tabindex=\"-1\">Centro de Refer\u00eancia da Assist\u00eancia Social<\/a><\/li>\n\t\t<li class=\"menu-item menu-item-type-post_type menu-item-object-page menu-item-3857\"><a href=\"https:\/\/enbim.com.br\/site\/portfolio\/ginasio-pumptrack\/\" class=\"elementor-sub-item\" tabindex=\"-1\">Gin\u00e1sio &#038; Pumptrack<\/a><\/li>\n\t<\/ul>\n<\/li>\n\t<li class=\"menu-item menu-item-type-custom menu-item-object-custom menu-item-has-children menu-item-3866\"><a class=\"elementor-sub-item\" tabindex=\"-1\">Comercial<\/a>\n\t<ul class=\"sub-menu elementor-nav-menu--dropdown\">\n\t\t<li class=\"menu-item menu-item-type-post_type menu-item-object-page menu-item-3807\"><a href=\"https:\/\/enbim.com.br\/site\/portfolio\/hotel-sesc-bonito\/\" class=\"elementor-sub-item\" tabindex=\"-1\">Hotel Sesc Bonito<\/a><\/li>\n\t\t<li class=\"menu-item menu-item-type-post_type menu-item-object-page menu-item-3658\"><a href=\"https:\/\/enbim.com.br\/site\/portfolio\/comercial-slm\/\" class=\"elementor-sub-item\" tabindex=\"-1\">Comercial SLM<\/a><\/li>\n\t\t<li class=\"menu-item menu-item-type-post_type menu-item-object-page menu-item-3806\"><a href=\"https:\/\/enbim.com.br\/site\/portfolio\/galpoes-rj\/\" class=\"elementor-sub-item\" tabindex=\"-1\">Galp\u00f5es RJ<\/a><\/li>\n\t\t<li class=\"menu-item menu-item-type-post_type menu-item-object-page menu-item-3805\"><a href=\"https:\/\/enbim.com.br\/site\/portfolio\/galpao-ntz\/\" class=\"elementor-sub-item\" tabindex=\"-1\">Galp\u00e3o NTZ<\/a><\/li>\n\t\t<li class=\"menu-item menu-item-type-post_type menu-item-object-page menu-item-3803\"><a href=\"https:\/\/enbim.com.br\/site\/portfolio\/edf-comercial-ntz\/\" class=\"elementor-sub-item\" tabindex=\"-1\">Edf. Comercial NTZ<\/a><\/li>\n\t\t<li class=\"menu-item menu-item-type-post_type menu-item-object-page menu-item-3804\"><a href=\"https:\/\/enbim.com.br\/site\/portfolio\/loja-ntz\/\" class=\"elementor-sub-item\" tabindex=\"-1\">Loja NTZ<\/a><\/li>\n\t\t<li class=\"menu-item menu-item-type-post_type menu-item-object-page menu-item-3860\"><a href=\"https:\/\/enbim.com.br\/site\/portfolio\/cd-intelbras\/\" class=\"elementor-sub-item\" tabindex=\"-1\">CD Intelbras<\/a><\/li>\n\t<\/ul>\n<\/li>\n\t<li class=\"menu-item menu-item-type-custom menu-item-object-custom menu-item-3867\"><a class=\"elementor-sub-item\" tabindex=\"-1\">Residencial<\/a><\/li>\n<\/ul>\n<\/li>\n<\/ul>\t\t\t<\/nav>\n\t\t\t\t\t\t<\/div>\n\t\t\t\t<\/div>\n\t\t\t\t<\/div>\n\t\t\t\t<\/div>\n\t\t<div class=\"elementor-element elementor-element-cb11172 e-con-full e-flex e-con e-child\" data-id=\"cb11172\" data-element_type=\"container\">\n\t\t<div class=\"elementor-element elementor-element-588a604 e-con-full e-flex e-con e-child\" data-id=\"588a604\" data-element_type=\"container\">\n\t\t\t\t<div class=\"elementor-element elementor-element-5527f78 elementor-invisible elementor-widget elementor-widget-text-editor\" data-id=\"5527f78\" data-element_type=\"widget\" data-settings=\"{&quot;_animation&quot;:&quot;fadeInDown&quot;}\" data-widget_type=\"text-editor.default\">\n\t\t\t\t<div class=\"elementor-widget-container\">\n\t\t\t\t\t\t\t\t\t<p>Projeto comercial<\/p>\t\t\t\t\t\t\t\t<\/div>\n\t\t\t\t<\/div>\n\t\t\t\t<div class=\"elementor-element elementor-element-4b28b88 animated-slow elementor-invisible elementor-widget elementor-widget-heading\" data-id=\"4b28b88\" data-element_type=\"widget\" data-settings=\"{&quot;_animation&quot;:&quot;fadeIn&quot;,&quot;_animation_delay&quot;:600}\" data-widget_type=\"heading.default\">\n\t\t\t\t<div class=\"elementor-widget-container\">\n\t\t\t\t\t<h2 class=\"elementor-heading-title elementor-size-default\">Loja\nNTZ<\/h2>\t\t\t\t<\/div>\n\t\t\t\t<\/div>\n\t\t\t\t<div class=\"elementor-element elementor-element-638bf2f elementor-invisible elementor-widget elementor-widget-text-editor\" data-id=\"638bf2f\" data-element_type=\"widget\" data-settings=\"{&quot;_animation_delay&quot;:600,&quot;_animation&quot;:&quot;fadeInUp&quot;}\" data-widget_type=\"text-editor.default\">\n\t\t\t\t<div class=\"elementor-widget-container\">\n\t\t\t\t\t\t\t\t\t<p>Este projeto na verdade surgiu a partir do <a href=\"https:\/\/enbim.com.br\/oldoldportfolio\/galpao-ntz\/\" target=\"_blank\" rel=\"noopener\">&#8220;Galp\u00e3o NTZ&#8221;<\/a>, onde o cliente optou por fazer a obra com p\u00e9 direito um pouco mais baixo, sem mezanino, deixando toda a \u00e1rea livre, contendo apenas os banheiros.<\/p><p>Seguindo quase o mesmo intuito original, do projeto, esse espa\u00e7o continua podendo receber diversos tipos de com\u00e9rcios, e acaba abrindo espa\u00e7o para outras \u00e1reas uma vez que a parte interna estaria com mais acabamento que a vers\u00e3o original do projeto.<\/p>\t\t\t\t\t\t\t\t<\/div>\n\t\t\t\t<\/div>\n\t\t\t\t<\/div>\n\t\t<div class=\"elementor-element elementor-element-434334d e-con-full e-flex e-con e-child\" data-id=\"434334d\" data-element_type=\"container\">\n\t\t\t\t<div class=\"elementor-element elementor-element-4c88bed elementor-invisible elementor-widget elementor-widget-text-editor\" data-id=\"4c88bed\" data-element_type=\"widget\" data-settings=\"{&quot;_animation&quot;:&quot;fadeInDown&quot;}\" data-widget_type=\"text-editor.default\">\n\t\t\t\t<div class=\"elementor-widget-container\">\n\t\t\t\t\t\t\t\t\t<pre>\u00c1rea do Projeto: 211<span style=\"text-decoration: underline;\"><strong>m\u00b2<\/strong><\/span><\/pre>\t\t\t\t\t\t\t\t<\/div>\n\t\t\t\t<\/div>\n\t\t\t\t<div class=\"elementor-element elementor-element-1e35662 elementor-widget elementor-widget-image\" data-id=\"1e35662\" data-element_type=\"widget\" data-widget_type=\"image.default\">\n\t\t\t\t<div class=\"elementor-widget-container\">\n\t\t\t\t\t\t\t\t\t\t\t\t\t\t\t\t<a href=\"https:\/\/enbim.com.br\/site\/wp-content\/uploads\/2023\/07\/LOJA-ILHOTA-2.jpg\" data-elementor-open-lightbox=\"yes\" data-elementor-lightbox-title=\"LOJA ILHOTA (2)\" data-e-action-hash=\"#elementor-action%3Aaction%3Dlightbox%26settings%3DeyJpZCI6MTU4MiwidXJsIjoiaHR0cHM6XC9cL2VuYmltLmNvbS5iclwvc2l0ZVwvd3AtY29udGVudFwvdXBsb2Fkc1wvMjAyM1wvMDdcL0xPSkEtSUxIT1RBLTIuanBnIn0%3D\">\n\t\t\t\t\t\t\t<img decoding=\"async\" src=\"https:\/\/enbim.com.br\/site\/wp-content\/uploads\/elementor\/thumbs\/LOJA-ILHOTA-2-q9bd1zivmzsaeg32r1wtxoadh91raobc5utjxzor8g.jpg\" title=\"LOJA ILHOTA (2)\" alt=\"LOJA ILHOTA (2)\" class=\"elementor-animation-float\" loading=\"lazy\" \/>\t\t\t\t\t\t\t\t<\/a>\n\t\t\t\t\t\t\t\t\t\t\t\t\t\t\t<\/div>\n\t\t\t\t<\/div>\n\t\t\t\t<\/div>\n\t\t<div class=\"elementor-element elementor-element-0dc276b e-con-full e-flex e-con e-child\" data-id=\"0dc276b\" data-element_type=\"container\">\n\t\t\t\t<div class=\"elementor-element elementor-element-166e220 elementor-widget elementor-widget-image\" data-id=\"166e220\" data-element_type=\"widget\" data-widget_type=\"image.default\">\n\t\t\t\t<div class=\"elementor-widget-container\">\n\t\t\t\t\t\t\t\t\t\t\t\t\t\t\t\t<a href=\"https:\/\/enbim.com.br\/site\/wp-content\/uploads\/2023\/07\/LOJA-ILHOTA-3.jpg\" data-elementor-open-lightbox=\"yes\" data-elementor-lightbox-title=\"LOJA ILHOTA (3)\" data-e-action-hash=\"#elementor-action%3Aaction%3Dlightbox%26settings%3DeyJpZCI6MTU4MywidXJsIjoiaHR0cHM6XC9cL2VuYmltLmNvbS5iclwvc2l0ZVwvd3AtY29udGVudFwvdXBsb2Fkc1wvMjAyM1wvMDdcL0xPSkEtSUxIT1RBLTMuanBnIn0%3D\">\n\t\t\t\t\t\t\t<img decoding=\"async\" src=\"https:\/\/enbim.com.br\/site\/wp-content\/uploads\/elementor\/thumbs\/LOJA-ILHOTA-3-q9bd22cj2wxc4jvm9n5puma4bzwrdonxxj60rr9ohs.jpg\" title=\"LOJA ILHOTA (3)\" alt=\"LOJA ILHOTA (3)\" class=\"elementor-animation-float\" loading=\"lazy\" \/>\t\t\t\t\t\t\t\t<\/a>\n\t\t\t\t\t\t\t\t\t\t\t\t\t\t\t<\/div>\n\t\t\t\t<\/div>\n\t\t\t\t<div class=\"elementor-element elementor-element-7e77b8c elementor-widget elementor-widget-image\" data-id=\"7e77b8c\" data-element_type=\"widget\" data-widget_type=\"image.default\">\n\t\t\t\t<div class=\"elementor-widget-container\">\n\t\t\t\t\t\t\t\t\t\t\t\t\t\t\t\t<a href=\"https:\/\/enbim.com.br\/site\/wp-content\/uploads\/2023\/07\/LOJA-ILHOTA-1.jpg\" data-elementor-open-lightbox=\"yes\" data-elementor-lightbox-title=\"LOJA ILHOTA (1)\" data-e-action-hash=\"#elementor-action%3Aaction%3Dlightbox%26settings%3DeyJpZCI6MTU4MSwidXJsIjoiaHR0cHM6XC9cL2VuYmltLmNvbS5iclwvc2l0ZVwvd3AtY29udGVudFwvdXBsb2Fkc1wvMjAyM1wvMDdcL0xPSkEtSUxIT1RBLTEuanBnIn0%3D\">\n\t\t\t\t\t\t\t<img decoding=\"async\" src=\"https:\/\/enbim.com.br\/site\/wp-content\/uploads\/elementor\/thumbs\/LOJA-ILHOTA-1-q9bd1wphxwpm6w3t6kpyfnpcrook3i1jwr93w3i1j4.jpg\" title=\"LOJA ILHOTA (1)\" alt=\"LOJA ILHOTA (1)\" class=\"elementor-animation-float\" loading=\"lazy\" \/>\t\t\t\t\t\t\t\t<\/a>\n\t\t\t\t\t\t\t\t\t\t\t\t\t\t\t<\/div>\n\t\t\t\t<\/div>\n\t\t\t\t<\/div>\n\t\t\t\t<\/div>\n\t\t<div class=\"elementor-element elementor-element-9523b7f e-con-full e-flex e-con e-child\" data-id=\"9523b7f\" data-element_type=\"container\">\n\t\t<div class=\"elementor-element elementor-element-5f5b1b6 e-con-full e-flex e-con e-child\" data-id=\"5f5b1b6\" data-element_type=\"container\">\n\t\t\t\t<div class=\"elementor-element elementor-element-e481fc5 elementor-widget elementor-widget-image\" data-id=\"e481fc5\" data-element_type=\"widget\" data-widget_type=\"image.default\">\n\t\t\t\t<div class=\"elementor-widget-container\">\n\t\t\t\t\t\t\t\t\t\t\t\t\t\t\t\t<a href=\"https:\/\/enbim.com.br\/site\/wp-content\/uploads\/2023\/07\/LOJA-ILHOTA-4.jpg\" data-elementor-open-lightbox=\"yes\" data-elementor-lightbox-title=\"LOJA ILHOTA (4)\" data-e-action-hash=\"#elementor-action%3Aaction%3Dlightbox%26settings%3DeyJpZCI6MTU4NCwidXJsIjoiaHR0cHM6XC9cL2VuYmltLmNvbS5iclwvc2l0ZVwvd3AtY29udGVudFwvdXBsb2Fkc1wvMjAyM1wvMDdcL0xPSkEtSUxIT1RBLTQuanBnIn0%3D\">\n\t\t\t\t\t\t\t<img decoding=\"async\" src=\"https:\/\/enbim.com.br\/site\/wp-content\/uploads\/elementor\/thumbs\/LOJA-ILHOTA-4-q9bd2561nf1jdc63etl2od2icgldsb5ui0f6fd2heg.jpg\" title=\"LOJA ILHOTA (4)\" alt=\"LOJA ILHOTA (4)\" class=\"elementor-animation-float\" loading=\"lazy\" \/>\t\t\t\t\t\t\t\t<\/a>\n\t\t\t\t\t\t\t\t\t\t\t\t\t\t\t<\/div>\n\t\t\t\t<\/div>\n\t\t\t\t<\/div>\n\t\t<div class=\"elementor-element elementor-element-25b8a93 e-con-full e-flex e-con e-child\" data-id=\"25b8a93\" data-element_type=\"container\">\n\t\t\t\t<div class=\"elementor-element elementor-element-2c783bd elementor-widget elementor-widget-image\" data-id=\"2c783bd\" data-element_type=\"widget\" data-widget_type=\"image.default\">\n\t\t\t\t<div class=\"elementor-widget-container\">\n\t\t\t\t\t\t\t\t\t\t\t\t\t\t\t\t<a href=\"https:\/\/enbim.com.br\/site\/wp-content\/uploads\/2023\/07\/LOJA-ILHOTA-5.jpg\" data-elementor-open-lightbox=\"yes\" data-elementor-lightbox-title=\"LOJA ILHOTA (5)\" data-e-action-hash=\"#elementor-action%3Aaction%3Dlightbox%26settings%3DeyJpZCI6MTU4NSwidXJsIjoiaHR0cHM6XC9cL2VuYmltLmNvbS5iclwvc2l0ZVwvd3AtY29udGVudFwvdXBsb2Fkc1wvMjAyM1wvMDdcL0xPSkEtSUxIT1RBLTUuanBnIn0%3D\">\n\t\t\t\t\t\t\t<img decoding=\"async\" src=\"https:\/\/enbim.com.br\/site\/wp-content\/uploads\/elementor\/thumbs\/LOJA-ILHOTA-5-q9bd28xeer6cdtm27803u2mchp0bvke2afqf4ozxa8.jpg\" title=\"LOJA ILHOTA (5)\" alt=\"LOJA ILHOTA (5)\" class=\"elementor-animation-float\" loading=\"lazy\" \/>\t\t\t\t\t\t\t\t<\/a>\n\t\t\t\t\t\t\t\t\t\t\t\t\t\t\t<\/div>\n\t\t\t\t<\/div>\n\t\t\t\t<\/div>\n\t\t\t\t<\/div>\n\t\t\t\t<\/div>\n\t\t<!-- dce invisible element 668e5ea -->\t\t<\/div>\n\t\t","protected":false},"excerpt":{"rendered":"<p>Projeto comercial Loja NTZ Este projeto na verdade surgiu a partir do &#8220;Galp\u00e3o NTZ&#8221;, onde o cliente optou por fazer a obra com p\u00e9 direito um pouco mais baixo, sem mezanino, deixando toda a \u00e1rea livre, contendo apenas os banheiros. Seguindo quase o mesmo intuito original, do projeto, esse espa\u00e7o continua podendo receber diversos tipos [&hellip;]<\/p>\n","protected":false},"author":1,"featured_media":0,"parent":2959,"menu_order":0,"comment_status":"closed","ping_status":"closed","template":"elementor_header_footer","meta":{"inline_featured_image":false,"footnotes":""},"class_list":["post-3777","page","type-page","status-publish","hentry","fbv_pt_tax_page-projetos"],"_links":{"self":[{"href":"https:\/\/enbim.com.br\/site\/wp-json\/wp\/v2\/pages\/3777","targetHints":{"allow":["GET"]}}],"collection":[{"href":"https:\/\/enbim.com.br\/site\/wp-json\/wp\/v2\/pages"}],"about":[{"href":"https:\/\/enbim.com.br\/site\/wp-json\/wp\/v2\/types\/page"}],"author":[{"embeddable":true,"href":"https:\/\/enbim.com.br\/site\/wp-json\/wp\/v2\/users\/1"}],"replies":[{"embeddable":true,"href":"https:\/\/enbim.com.br\/site\/wp-json\/wp\/v2\/comments?post=3777"}],"version-history":[{"count":10,"href":"https:\/\/enbim.com.br\/site\/wp-json\/wp\/v2\/pages\/3777\/revisions"}],"predecessor-version":[{"id":4636,"href":"https:\/\/enbim.com.br\/site\/wp-json\/wp\/v2\/pages\/3777\/revisions\/4636"}],"up":[{"embeddable":true,"href":"https:\/\/enbim.com.br\/site\/wp-json\/wp\/v2\/pages\/2959"}],"wp:attachment":[{"href":"https:\/\/enbim.com.br\/site\/wp-json\/wp\/v2\/media?parent=3777"}],"curies":[{"name":"wp","href":"https:\/\/api.w.org\/{rel}","templated":true}]}}