{"id":3814,"date":"2023-08-01T09:53:31","date_gmt":"2023-08-01T12:53:31","guid":{"rendered":"https:\/\/enbim.com.br\/site\/?page_id=3814"},"modified":"2025-01-15T00:05:27","modified_gmt":"2025-01-15T03:05:27","slug":"escola-municipal-pp","status":"publish","type":"page","link":"https:\/\/enbim.com.br\/site\/portfolio\/escola-municipal-pp\/","title":{"rendered":"Escola Municipal PP"},"content":{"rendered":"\t\t<div data-elementor-type=\"wp-page\" data-elementor-id=\"3814\" class=\"elementor elementor-3814\" data-elementor-post-type=\"page\">\n\t\t\t\t<div class=\"elementor-element elementor-element-d987085 e-con-full e-flex e-con e-parent\" data-id=\"d987085\" data-element_type=\"container\">\n\t\t<div class=\"elementor-element elementor-element-ec774c5 e-con-full e-flex e-con e-child\" data-id=\"ec774c5\" data-element_type=\"container\">\n\t\t<div class=\"elementor-element elementor-element-8a6ea97 e-con-full e-flex e-con e-child\" data-id=\"8a6ea97\" data-element_type=\"container\">\n\t\t\t\t<div class=\"elementor-element elementor-element-b0f4a1a elementor-nav-menu__align-end elementor-nav-menu--dropdown-none elementor-widget elementor-widget-nav-menu\" data-id=\"b0f4a1a\" data-element_type=\"widget\" data-settings=\"{&quot;layout&quot;:&quot;horizontal&quot;,&quot;submenu_icon&quot;:{&quot;value&quot;:&quot;&lt;svg class=\\&quot;e-font-icon-svg e-fas-caret-down\\&quot; viewBox=\\&quot;0 0 320 512\\&quot; xmlns=\\&quot;http:\\\/\\\/www.w3.org\\\/2000\\\/svg\\&quot;&gt;&lt;path d=\\&quot;M31.3 192h257.3c17.8 0 26.7 21.5 14.1 34.1L174.1 354.8c-7.8 7.8-20.5 7.8-28.3 0L17.2 226.1C4.6 213.5 13.5 192 31.3 192z\\&quot;&gt;&lt;\\\/path&gt;&lt;\\\/svg&gt;&quot;,&quot;library&quot;:&quot;fa-solid&quot;}}\" data-widget_type=\"nav-menu.default\">\n\t\t\t\t<div class=\"elementor-widget-container\">\n\t\t\t\t\t\t\t\t<nav class=\"elementor-nav-menu--main elementor-nav-menu__container elementor-nav-menu--layout-horizontal e--pointer-underline e--animation-fade\">\n\t\t\t\t<ul id=\"menu-1-b0f4a1a\" class=\"elementor-nav-menu\"><li class=\"menu-item menu-item-type-custom menu-item-object-custom menu-item-has-children menu-item-3676\"><a class=\"elementor-item\">Outros projetos<\/a>\n<ul class=\"sub-menu elementor-nav-menu--dropdown\">\n\t<li class=\"menu-item menu-item-type-custom menu-item-object-custom menu-item-has-children menu-item-3864\"><a class=\"elementor-sub-item\">Educacional<\/a>\n\t<ul class=\"sub-menu elementor-nav-menu--dropdown\">\n\t\t<li class=\"menu-item menu-item-type-post_type menu-item-object-page menu-item-3674\"><a href=\"https:\/\/enbim.com.br\/site\/portfolio\/cmei\/\" class=\"elementor-sub-item\">CMEI<\/a><\/li>\n\t\t<li class=\"menu-item menu-item-type-post_type menu-item-object-page menu-item-3863\"><a href=\"https:\/\/enbim.com.br\/site\/portfolio\/escola-municipal-pp\/\" class=\"elementor-sub-item\">Escola Municipal PP<\/a><\/li>\n\t\t<li class=\"menu-item menu-item-type-post_type menu-item-object-page menu-item-3862\"><a href=\"https:\/\/enbim.com.br\/site\/portfolio\/escola-municipal-ai\/\" class=\"elementor-sub-item\">Escola Municipal AI<\/a><\/li>\n\t\t<li class=\"menu-item menu-item-type-post_type menu-item-object-page menu-item-3861\"><a href=\"https:\/\/enbim.com.br\/site\/portfolio\/escola-municipal-vm\/\" class=\"elementor-sub-item\">Escola Municipal VM<\/a><\/li>\n\t\t<li class=\"menu-item menu-item-type-post_type menu-item-object-page menu-item-3856\"><a href=\"https:\/\/enbim.com.br\/site\/portfolio\/escola-municipal-php\/\" class=\"elementor-sub-item\">Escola Municipal PHP<\/a><\/li>\n\t\t<li class=\"menu-item menu-item-type-post_type menu-item-object-page menu-item-3855\"><a href=\"https:\/\/enbim.com.br\/site\/portfolio\/cei-mdm\/\" class=\"elementor-sub-item\">CEI MdM<\/a><\/li>\n\t<\/ul>\n<\/li>\n\t<li class=\"menu-item menu-item-type-custom menu-item-object-custom menu-item-has-children menu-item-3865\"><a class=\"elementor-sub-item\">Institucional<\/a>\n\t<ul class=\"sub-menu elementor-nav-menu--dropdown\">\n\t\t<li class=\"menu-item menu-item-type-post_type menu-item-object-page menu-item-3802\"><a href=\"https:\/\/enbim.com.br\/site\/portfolio\/bombeiros-sc-pa\/\" class=\"elementor-sub-item\">Bombeiros SC PA<\/a><\/li>\n\t\t<li class=\"menu-item menu-item-type-post_type menu-item-object-page menu-item-3854\"><a href=\"https:\/\/enbim.com.br\/site\/portfolio\/bombeiros-sc-qa\/\" class=\"elementor-sub-item\">Bombeiros SC QA<\/a><\/li>\n\t\t<li class=\"menu-item menu-item-type-post_type menu-item-object-page menu-item-3859\"><a href=\"https:\/\/enbim.com.br\/site\/portfolio\/centro-atendimento-ao-turista\/\" class=\"elementor-sub-item\">Centro Atendimento ao Turista<\/a><\/li>\n\t\t<li class=\"menu-item menu-item-type-post_type menu-item-object-page menu-item-3858\"><a href=\"https:\/\/enbim.com.br\/site\/portfolio\/cras\/\" class=\"elementor-sub-item\">Centro de Refer\u00eancia da Assist\u00eancia Social<\/a><\/li>\n\t\t<li class=\"menu-item menu-item-type-post_type menu-item-object-page menu-item-3857\"><a href=\"https:\/\/enbim.com.br\/site\/portfolio\/ginasio-pumptrack\/\" class=\"elementor-sub-item\">Gin\u00e1sio &#038; Pumptrack<\/a><\/li>\n\t<\/ul>\n<\/li>\n\t<li class=\"menu-item menu-item-type-custom menu-item-object-custom menu-item-has-children menu-item-3866\"><a class=\"elementor-sub-item\">Comercial<\/a>\n\t<ul class=\"sub-menu elementor-nav-menu--dropdown\">\n\t\t<li class=\"menu-item menu-item-type-post_type menu-item-object-page menu-item-3807\"><a href=\"https:\/\/enbim.com.br\/site\/portfolio\/hotel-sesc-bonito\/\" class=\"elementor-sub-item\">Hotel Sesc Bonito<\/a><\/li>\n\t\t<li class=\"menu-item menu-item-type-post_type menu-item-object-page menu-item-3658\"><a href=\"https:\/\/enbim.com.br\/site\/portfolio\/comercial-slm\/\" class=\"elementor-sub-item\">Comercial SLM<\/a><\/li>\n\t\t<li class=\"menu-item menu-item-type-post_type menu-item-object-page menu-item-3806\"><a href=\"https:\/\/enbim.com.br\/site\/portfolio\/galpoes-rj\/\" class=\"elementor-sub-item\">Galp\u00f5es RJ<\/a><\/li>\n\t\t<li class=\"menu-item menu-item-type-post_type menu-item-object-page menu-item-3805\"><a href=\"https:\/\/enbim.com.br\/site\/portfolio\/galpao-ntz\/\" class=\"elementor-sub-item\">Galp\u00e3o NTZ<\/a><\/li>\n\t\t<li class=\"menu-item menu-item-type-post_type menu-item-object-page menu-item-3803\"><a href=\"https:\/\/enbim.com.br\/site\/portfolio\/edf-comercial-ntz\/\" class=\"elementor-sub-item\">Edf. Comercial NTZ<\/a><\/li>\n\t\t<li class=\"menu-item menu-item-type-post_type menu-item-object-page menu-item-3804\"><a href=\"https:\/\/enbim.com.br\/site\/portfolio\/loja-ntz\/\" class=\"elementor-sub-item\">Loja NTZ<\/a><\/li>\n\t\t<li class=\"menu-item menu-item-type-post_type menu-item-object-page menu-item-3860\"><a href=\"https:\/\/enbim.com.br\/site\/portfolio\/cd-intelbras\/\" class=\"elementor-sub-item\">CD Intelbras<\/a><\/li>\n\t<\/ul>\n<\/li>\n\t<li class=\"menu-item menu-item-type-custom menu-item-object-custom menu-item-3867\"><a class=\"elementor-sub-item\">Residencial<\/a><\/li>\n<\/ul>\n<\/li>\n<\/ul>\t\t\t<\/nav>\n\t\t\t\t\t\t<nav class=\"elementor-nav-menu--dropdown elementor-nav-menu__container\" aria-hidden=\"true\">\n\t\t\t\t<ul id=\"menu-2-b0f4a1a\" class=\"elementor-nav-menu\"><li class=\"menu-item menu-item-type-custom menu-item-object-custom menu-item-has-children menu-item-3676\"><a class=\"elementor-item\" tabindex=\"-1\">Outros projetos<\/a>\n<ul class=\"sub-menu elementor-nav-menu--dropdown\">\n\t<li class=\"menu-item menu-item-type-custom menu-item-object-custom menu-item-has-children menu-item-3864\"><a class=\"elementor-sub-item\" tabindex=\"-1\">Educacional<\/a>\n\t<ul class=\"sub-menu elementor-nav-menu--dropdown\">\n\t\t<li class=\"menu-item menu-item-type-post_type menu-item-object-page menu-item-3674\"><a href=\"https:\/\/enbim.com.br\/site\/portfolio\/cmei\/\" class=\"elementor-sub-item\" tabindex=\"-1\">CMEI<\/a><\/li>\n\t\t<li class=\"menu-item menu-item-type-post_type menu-item-object-page menu-item-3863\"><a href=\"https:\/\/enbim.com.br\/site\/portfolio\/escola-municipal-pp\/\" class=\"elementor-sub-item\" tabindex=\"-1\">Escola Municipal PP<\/a><\/li>\n\t\t<li class=\"menu-item menu-item-type-post_type menu-item-object-page menu-item-3862\"><a href=\"https:\/\/enbim.com.br\/site\/portfolio\/escola-municipal-ai\/\" class=\"elementor-sub-item\" tabindex=\"-1\">Escola Municipal AI<\/a><\/li>\n\t\t<li class=\"menu-item menu-item-type-post_type menu-item-object-page menu-item-3861\"><a href=\"https:\/\/enbim.com.br\/site\/portfolio\/escola-municipal-vm\/\" class=\"elementor-sub-item\" tabindex=\"-1\">Escola Municipal VM<\/a><\/li>\n\t\t<li class=\"menu-item menu-item-type-post_type menu-item-object-page menu-item-3856\"><a href=\"https:\/\/enbim.com.br\/site\/portfolio\/escola-municipal-php\/\" class=\"elementor-sub-item\" tabindex=\"-1\">Escola Municipal PHP<\/a><\/li>\n\t\t<li class=\"menu-item menu-item-type-post_type menu-item-object-page menu-item-3855\"><a href=\"https:\/\/enbim.com.br\/site\/portfolio\/cei-mdm\/\" class=\"elementor-sub-item\" tabindex=\"-1\">CEI MdM<\/a><\/li>\n\t<\/ul>\n<\/li>\n\t<li class=\"menu-item menu-item-type-custom menu-item-object-custom menu-item-has-children menu-item-3865\"><a class=\"elementor-sub-item\" tabindex=\"-1\">Institucional<\/a>\n\t<ul class=\"sub-menu elementor-nav-menu--dropdown\">\n\t\t<li class=\"menu-item menu-item-type-post_type menu-item-object-page menu-item-3802\"><a href=\"https:\/\/enbim.com.br\/site\/portfolio\/bombeiros-sc-pa\/\" class=\"elementor-sub-item\" tabindex=\"-1\">Bombeiros SC PA<\/a><\/li>\n\t\t<li class=\"menu-item menu-item-type-post_type menu-item-object-page menu-item-3854\"><a href=\"https:\/\/enbim.com.br\/site\/portfolio\/bombeiros-sc-qa\/\" class=\"elementor-sub-item\" tabindex=\"-1\">Bombeiros SC QA<\/a><\/li>\n\t\t<li class=\"menu-item menu-item-type-post_type menu-item-object-page menu-item-3859\"><a href=\"https:\/\/enbim.com.br\/site\/portfolio\/centro-atendimento-ao-turista\/\" class=\"elementor-sub-item\" tabindex=\"-1\">Centro Atendimento ao Turista<\/a><\/li>\n\t\t<li class=\"menu-item menu-item-type-post_type menu-item-object-page menu-item-3858\"><a href=\"https:\/\/enbim.com.br\/site\/portfolio\/cras\/\" class=\"elementor-sub-item\" tabindex=\"-1\">Centro de Refer\u00eancia da Assist\u00eancia Social<\/a><\/li>\n\t\t<li class=\"menu-item menu-item-type-post_type menu-item-object-page menu-item-3857\"><a href=\"https:\/\/enbim.com.br\/site\/portfolio\/ginasio-pumptrack\/\" class=\"elementor-sub-item\" tabindex=\"-1\">Gin\u00e1sio &#038; Pumptrack<\/a><\/li>\n\t<\/ul>\n<\/li>\n\t<li class=\"menu-item menu-item-type-custom menu-item-object-custom menu-item-has-children menu-item-3866\"><a class=\"elementor-sub-item\" tabindex=\"-1\">Comercial<\/a>\n\t<ul class=\"sub-menu elementor-nav-menu--dropdown\">\n\t\t<li class=\"menu-item menu-item-type-post_type menu-item-object-page menu-item-3807\"><a href=\"https:\/\/enbim.com.br\/site\/portfolio\/hotel-sesc-bonito\/\" class=\"elementor-sub-item\" tabindex=\"-1\">Hotel Sesc Bonito<\/a><\/li>\n\t\t<li class=\"menu-item menu-item-type-post_type menu-item-object-page menu-item-3658\"><a href=\"https:\/\/enbim.com.br\/site\/portfolio\/comercial-slm\/\" class=\"elementor-sub-item\" tabindex=\"-1\">Comercial SLM<\/a><\/li>\n\t\t<li class=\"menu-item menu-item-type-post_type menu-item-object-page menu-item-3806\"><a href=\"https:\/\/enbim.com.br\/site\/portfolio\/galpoes-rj\/\" class=\"elementor-sub-item\" tabindex=\"-1\">Galp\u00f5es RJ<\/a><\/li>\n\t\t<li class=\"menu-item menu-item-type-post_type menu-item-object-page menu-item-3805\"><a href=\"https:\/\/enbim.com.br\/site\/portfolio\/galpao-ntz\/\" class=\"elementor-sub-item\" tabindex=\"-1\">Galp\u00e3o NTZ<\/a><\/li>\n\t\t<li class=\"menu-item menu-item-type-post_type menu-item-object-page menu-item-3803\"><a href=\"https:\/\/enbim.com.br\/site\/portfolio\/edf-comercial-ntz\/\" class=\"elementor-sub-item\" tabindex=\"-1\">Edf. Comercial NTZ<\/a><\/li>\n\t\t<li class=\"menu-item menu-item-type-post_type menu-item-object-page menu-item-3804\"><a href=\"https:\/\/enbim.com.br\/site\/portfolio\/loja-ntz\/\" class=\"elementor-sub-item\" tabindex=\"-1\">Loja NTZ<\/a><\/li>\n\t\t<li class=\"menu-item menu-item-type-post_type menu-item-object-page menu-item-3860\"><a href=\"https:\/\/enbim.com.br\/site\/portfolio\/cd-intelbras\/\" class=\"elementor-sub-item\" tabindex=\"-1\">CD Intelbras<\/a><\/li>\n\t<\/ul>\n<\/li>\n\t<li class=\"menu-item menu-item-type-custom menu-item-object-custom menu-item-3867\"><a class=\"elementor-sub-item\" tabindex=\"-1\">Residencial<\/a><\/li>\n<\/ul>\n<\/li>\n<\/ul>\t\t\t<\/nav>\n\t\t\t\t\t\t<\/div>\n\t\t\t\t<\/div>\n\t\t\t\t<\/div>\n\t\t\t\t<\/div>\n\t\t<div class=\"elementor-element elementor-element-8af76d6 e-con-full e-flex e-con e-child\" data-id=\"8af76d6\" data-element_type=\"container\">\n\t\t<div class=\"elementor-element elementor-element-6ceec8a e-con-full e-flex e-con e-child\" data-id=\"6ceec8a\" data-element_type=\"container\">\n\t\t\t\t<div class=\"elementor-element elementor-element-93ed58e elementor-invisible elementor-widget elementor-widget-text-editor\" data-id=\"93ed58e\" data-element_type=\"widget\" data-settings=\"{&quot;_animation&quot;:&quot;fadeInDown&quot;}\" data-widget_type=\"text-editor.default\">\n\t\t\t\t<div class=\"elementor-widget-container\">\n\t\t\t\t\t\t\t\t\t<p>Projeto Educacional<\/p>\t\t\t\t\t\t\t\t<\/div>\n\t\t\t\t<\/div>\n\t\t\t\t<div class=\"elementor-element elementor-element-5e88ab4 animated-slow elementor-invisible elementor-widget elementor-widget-heading\" data-id=\"5e88ab4\" data-element_type=\"widget\" data-settings=\"{&quot;_animation&quot;:&quot;fadeIn&quot;,&quot;_animation_delay&quot;:600}\" data-widget_type=\"heading.default\">\n\t\t\t\t<div class=\"elementor-widget-container\">\n\t\t\t\t\t<h2 class=\"elementor-heading-title elementor-size-default\">Escola Municipal PP<\/h2>\t\t\t\t<\/div>\n\t\t\t\t<\/div>\n\t\t\t\t<div class=\"elementor-element elementor-element-05f0499 elementor-invisible elementor-widget elementor-widget-text-editor\" data-id=\"05f0499\" data-element_type=\"widget\" data-settings=\"{&quot;_animation_delay&quot;:600,&quot;_animation&quot;:&quot;fadeInUp&quot;}\" data-widget_type=\"text-editor.default\">\n\t\t\t\t<div class=\"elementor-widget-container\">\n\t\t\t\t\t\t\t\t\t<p>Projeto de Amplia\u00e7\u00e3o de uma Escola Municipal. Com 4 Salas de Aula, para at\u00e9 35 alunos, banheiros, sala de orienta\u00e7\u00e3o, sala de professores, e refeit\u00f3rio coberto.<br \/>Estrutura em alvenaria convencional, cobertura das salas, de madeira com fibrocimento, e o p\u00e1tio coberto (refeit\u00f3rio), em estrutura met\u00e1lica para se ter um v\u00e3o grande aberto.<\/p>\t\t\t\t\t\t\t\t<\/div>\n\t\t\t\t<\/div>\n\t\t\t\t<\/div>\n\t\t<div class=\"elementor-element elementor-element-8f6145a e-con-full e-flex e-con e-child\" data-id=\"8f6145a\" data-element_type=\"container\">\n\t\t\t\t<div class=\"elementor-element elementor-element-187e632 elementor-invisible elementor-widget elementor-widget-text-editor\" data-id=\"187e632\" data-element_type=\"widget\" data-settings=\"{&quot;_animation&quot;:&quot;fadeInDown&quot;}\" data-widget_type=\"text-editor.default\">\n\t\t\t\t<div class=\"elementor-widget-container\">\n\t\t\t\t\t\t\t\t\t<pre>\u00c1rea do Projeto: <span style=\"text-decoration: underline;\"><strong>771,11m\u00b2<\/strong><\/span><\/pre>\t\t\t\t\t\t\t\t<\/div>\n\t\t\t\t<\/div>\n\t\t\t\t<div class=\"elementor-element elementor-element-f7bc00c elementor-widget elementor-widget-image\" data-id=\"f7bc00c\" data-element_type=\"widget\" data-widget_type=\"image.default\">\n\t\t\t\t<div class=\"elementor-widget-container\">\n\t\t\t\t\t\t\t\t\t\t\t\t\t\t\t\t<a href=\"https:\/\/enbim.com.br\/site\/wp-content\/uploads\/2023\/07\/EM-PP-8.png\" data-elementor-open-lightbox=\"yes\" data-elementor-lightbox-title=\"EM PP (8)\" data-e-action-hash=\"#elementor-action%3Aaction%3Dlightbox%26settings%3DeyJpZCI6MTY2NCwidXJsIjoiaHR0cHM6XC9cL2VuYmltLmNvbS5iclwvc2l0ZVwvd3AtY29udGVudFwvdXBsb2Fkc1wvMjAyM1wvMDdcL0VNLVBQLTgucG5nIn0%3D\">\n\t\t\t\t\t\t\t<img decoding=\"async\" src=\"https:\/\/enbim.com.br\/site\/wp-content\/uploads\/elementor\/thumbs\/EM-PP-8-q9besmhp2jj62z3lzmmtld96kmbb8jzefvve8stalc.png\" title=\"EM PP (8)\" alt=\"EM PP (8)\" class=\"elementor-animation-float\" loading=\"lazy\" \/>\t\t\t\t\t\t\t\t<\/a>\n\t\t\t\t\t\t\t\t\t\t\t\t\t\t\t<\/div>\n\t\t\t\t<\/div>\n\t\t\t\t<\/div>\n\t\t<div class=\"elementor-element elementor-element-29069d8 e-con-full e-flex e-con e-child\" data-id=\"29069d8\" data-element_type=\"container\">\n\t\t\t\t<div class=\"elementor-element elementor-element-4d0e832 elementor-widget elementor-widget-image\" data-id=\"4d0e832\" data-element_type=\"widget\" data-widget_type=\"image.default\">\n\t\t\t\t<div class=\"elementor-widget-container\">\n\t\t\t\t\t\t\t\t\t\t\t\t\t\t\t\t<a href=\"https:\/\/enbim.com.br\/site\/wp-content\/uploads\/2023\/07\/EM-PP-10.png\" data-elementor-open-lightbox=\"yes\" data-elementor-lightbox-title=\"EM PP (10)\" data-e-action-hash=\"#elementor-action%3Aaction%3Dlightbox%26settings%3DeyJpZCI6MTY2NiwidXJsIjoiaHR0cHM6XC9cL2VuYmltLmNvbS5iclwvc2l0ZVwvd3AtY29udGVudFwvdXBsb2Fkc1wvMjAyM1wvMDdcL0VNLVBQLTEwLnBuZyJ9\">\n\t\t\t\t\t\t\t<img decoding=\"async\" src=\"https:\/\/enbim.com.br\/site\/wp-content\/uploads\/elementor\/thumbs\/EM-PP-10-q9beto3djbztqnhmv4wwkkgzemew8d62occttsyngg.png\" title=\"EM PP (10)\" alt=\"EM PP (10)\" class=\"elementor-animation-float\" loading=\"lazy\" \/>\t\t\t\t\t\t\t\t<\/a>\n\t\t\t\t\t\t\t\t\t\t\t\t\t\t\t<\/div>\n\t\t\t\t<\/div>\n\t\t\t\t<div class=\"elementor-element elementor-element-fa90eb3 elementor-widget elementor-widget-image\" data-id=\"fa90eb3\" data-element_type=\"widget\" data-widget_type=\"image.default\">\n\t\t\t\t<div class=\"elementor-widget-container\">\n\t\t\t\t\t\t\t\t\t\t\t\t\t\t\t\t<a href=\"https:\/\/enbim.com.br\/site\/wp-content\/uploads\/2023\/07\/EM-PP-9.png\" data-elementor-open-lightbox=\"yes\" data-elementor-lightbox-title=\"EM PP (9)\" data-e-action-hash=\"#elementor-action%3Aaction%3Dlightbox%26settings%3DeyJpZCI6MTY2NSwidXJsIjoiaHR0cHM6XC9cL2VuYmltLmNvbS5iclwvc2l0ZVwvd3AtY29udGVudFwvdXBsb2Fkc1wvMjAyM1wvMDdcL0VNLVBQLTkucG5nIn0%3D\">\n\t\t\t\t\t\t\t<img decoding=\"async\" src=\"https:\/\/enbim.com.br\/site\/wp-content\/uploads\/elementor\/thumbs\/EM-PP-9-q9bet76a4bcnxo67lxlmboqopoqadtawm0m36tnqkg.png\" title=\"EM PP (9)\" alt=\"EM PP (9)\" class=\"elementor-animation-float\" loading=\"lazy\" \/>\t\t\t\t\t\t\t\t<\/a>\n\t\t\t\t\t\t\t\t\t\t\t\t\t\t\t<\/div>\n\t\t\t\t<\/div>\n\t\t\t\t<\/div>\n\t\t\t\t<\/div>\n\t\t<div class=\"elementor-element elementor-element-d32622c e-con-full e-flex e-con e-child\" data-id=\"d32622c\" data-element_type=\"container\">\n\t\t<div class=\"elementor-element elementor-element-a50f091 e-con-full e-flex e-con e-child\" data-id=\"a50f091\" data-element_type=\"container\">\n\t\t\t\t<div class=\"elementor-element elementor-element-b85d0f9 elementor-widget elementor-widget-video\" data-id=\"b85d0f9\" data-element_type=\"widget\" data-settings=\"{&quot;youtube_url&quot;:&quot;https:\\\/\\\/youtu.be\\\/pqn2nfXxpak&quot;,&quot;video_type&quot;:&quot;youtube&quot;,&quot;controls&quot;:&quot;yes&quot;}\" data-widget_type=\"video.default\">\n\t\t\t\t<div class=\"elementor-widget-container\">\n\t\t\t\t\t\t\t<div class=\"elementor-wrapper elementor-open-inline\">\n\t\t\t<div class=\"elementor-video\"><\/div>\t\t<\/div>\n\t\t\t\t\t\t<\/div>\n\t\t\t\t<\/div>\n\t\t\t\t<\/div>\n\t\t\t\t<\/div>\n\t\t\t\t<\/div>\n\t\t<!-- dce invisible element 1f2750a -->\t\t<\/div>\n\t\t","protected":false},"excerpt":{"rendered":"<p>Projeto Educacional Escola Municipal PP Projeto de Amplia\u00e7\u00e3o de uma Escola Municipal. Com 4 Salas de Aula, para at\u00e9 35 alunos, banheiros, sala de orienta\u00e7\u00e3o, sala de professores, e refeit\u00f3rio coberto.Estrutura em alvenaria convencional, cobertura das salas, de madeira com fibrocimento, e o p\u00e1tio coberto (refeit\u00f3rio), em estrutura met\u00e1lica para se ter um v\u00e3o grande [&hellip;]<\/p>\n","protected":false},"author":1,"featured_media":0,"parent":2959,"menu_order":0,"comment_status":"closed","ping_status":"closed","template":"elementor_header_footer","meta":{"inline_featured_image":false,"footnotes":""},"class_list":["post-3814","page","type-page","status-publish","hentry","fbv_pt_tax_page-projetos"],"_links":{"self":[{"href":"https:\/\/enbim.com.br\/site\/wp-json\/wp\/v2\/pages\/3814","targetHints":{"allow":["GET"]}}],"collection":[{"href":"https:\/\/enbim.com.br\/site\/wp-json\/wp\/v2\/pages"}],"about":[{"href":"https:\/\/enbim.com.br\/site\/wp-json\/wp\/v2\/types\/page"}],"author":[{"embeddable":true,"href":"https:\/\/enbim.com.br\/site\/wp-json\/wp\/v2\/users\/1"}],"replies":[{"embeddable":true,"href":"https:\/\/enbim.com.br\/site\/wp-json\/wp\/v2\/comments?post=3814"}],"version-history":[{"count":10,"href":"https:\/\/enbim.com.br\/site\/wp-json\/wp\/v2\/pages\/3814\/revisions"}],"predecessor-version":[{"id":4618,"href":"https:\/\/enbim.com.br\/site\/wp-json\/wp\/v2\/pages\/3814\/revisions\/4618"}],"up":[{"embeddable":true,"href":"https:\/\/enbim.com.br\/site\/wp-json\/wp\/v2\/pages\/2959"}],"wp:attachment":[{"href":"https:\/\/enbim.com.br\/site\/wp-json\/wp\/v2\/media?parent=3814"}],"curies":[{"name":"wp","href":"https:\/\/api.w.org\/{rel}","templated":true}]}}