{"id":3816,"date":"2023-08-01T09:53:47","date_gmt":"2023-08-01T12:53:47","guid":{"rendered":"https:\/\/enbim.com.br\/site\/?page_id=3816"},"modified":"2025-01-15T00:03:40","modified_gmt":"2025-01-15T03:03:40","slug":"escola-municipal-ai","status":"publish","type":"page","link":"https:\/\/enbim.com.br\/site\/portfolio\/escola-municipal-ai\/","title":{"rendered":"Escola Municipal AI"},"content":{"rendered":"\t\t<div data-elementor-type=\"wp-page\" data-elementor-id=\"3816\" class=\"elementor elementor-3816\" data-elementor-post-type=\"page\">\n\t\t\t\t<div class=\"elementor-element elementor-element-c272479 e-con-full e-flex e-con e-parent\" data-id=\"c272479\" data-element_type=\"container\">\n\t\t<div class=\"elementor-element elementor-element-7c352e6 e-con-full e-flex e-con e-child\" data-id=\"7c352e6\" data-element_type=\"container\">\n\t\t<div class=\"elementor-element elementor-element-9bbe3a4 e-con-full e-flex e-con e-child\" data-id=\"9bbe3a4\" data-element_type=\"container\">\n\t\t\t\t<div class=\"elementor-element elementor-element-786b5d3 elementor-nav-menu__align-end elementor-nav-menu--dropdown-none elementor-widget elementor-widget-nav-menu\" data-id=\"786b5d3\" data-element_type=\"widget\" data-settings=\"{&quot;layout&quot;:&quot;horizontal&quot;,&quot;submenu_icon&quot;:{&quot;value&quot;:&quot;&lt;svg class=\\&quot;e-font-icon-svg e-fas-caret-down\\&quot; viewBox=\\&quot;0 0 320 512\\&quot; xmlns=\\&quot;http:\\\/\\\/www.w3.org\\\/2000\\\/svg\\&quot;&gt;&lt;path d=\\&quot;M31.3 192h257.3c17.8 0 26.7 21.5 14.1 34.1L174.1 354.8c-7.8 7.8-20.5 7.8-28.3 0L17.2 226.1C4.6 213.5 13.5 192 31.3 192z\\&quot;&gt;&lt;\\\/path&gt;&lt;\\\/svg&gt;&quot;,&quot;library&quot;:&quot;fa-solid&quot;}}\" data-widget_type=\"nav-menu.default\">\n\t\t\t\t<div class=\"elementor-widget-container\">\n\t\t\t\t\t\t\t\t<nav class=\"elementor-nav-menu--main elementor-nav-menu__container elementor-nav-menu--layout-horizontal e--pointer-underline e--animation-fade\">\n\t\t\t\t<ul id=\"menu-1-786b5d3\" class=\"elementor-nav-menu\"><li class=\"menu-item menu-item-type-custom menu-item-object-custom menu-item-has-children menu-item-3676\"><a class=\"elementor-item\">Outros projetos<\/a>\n<ul class=\"sub-menu elementor-nav-menu--dropdown\">\n\t<li class=\"menu-item menu-item-type-custom menu-item-object-custom menu-item-has-children menu-item-3864\"><a class=\"elementor-sub-item\">Educacional<\/a>\n\t<ul class=\"sub-menu elementor-nav-menu--dropdown\">\n\t\t<li class=\"menu-item menu-item-type-post_type menu-item-object-page menu-item-3674\"><a href=\"https:\/\/enbim.com.br\/site\/portfolio\/cmei\/\" class=\"elementor-sub-item\">CMEI<\/a><\/li>\n\t\t<li class=\"menu-item menu-item-type-post_type menu-item-object-page menu-item-3863\"><a href=\"https:\/\/enbim.com.br\/site\/portfolio\/escola-municipal-pp\/\" class=\"elementor-sub-item\">Escola Municipal PP<\/a><\/li>\n\t\t<li class=\"menu-item menu-item-type-post_type menu-item-object-page menu-item-3862\"><a href=\"https:\/\/enbim.com.br\/site\/portfolio\/escola-municipal-ai\/\" class=\"elementor-sub-item\">Escola Municipal AI<\/a><\/li>\n\t\t<li class=\"menu-item menu-item-type-post_type menu-item-object-page menu-item-3861\"><a href=\"https:\/\/enbim.com.br\/site\/portfolio\/escola-municipal-vm\/\" class=\"elementor-sub-item\">Escola Municipal VM<\/a><\/li>\n\t\t<li class=\"menu-item menu-item-type-post_type menu-item-object-page menu-item-3856\"><a href=\"https:\/\/enbim.com.br\/site\/portfolio\/escola-municipal-php\/\" class=\"elementor-sub-item\">Escola Municipal PHP<\/a><\/li>\n\t\t<li class=\"menu-item menu-item-type-post_type menu-item-object-page menu-item-3855\"><a href=\"https:\/\/enbim.com.br\/site\/portfolio\/cei-mdm\/\" class=\"elementor-sub-item\">CEI MdM<\/a><\/li>\n\t<\/ul>\n<\/li>\n\t<li class=\"menu-item menu-item-type-custom menu-item-object-custom menu-item-has-children menu-item-3865\"><a class=\"elementor-sub-item\">Institucional<\/a>\n\t<ul class=\"sub-menu elementor-nav-menu--dropdown\">\n\t\t<li class=\"menu-item menu-item-type-post_type menu-item-object-page menu-item-3802\"><a href=\"https:\/\/enbim.com.br\/site\/portfolio\/bombeiros-sc-pa\/\" class=\"elementor-sub-item\">Bombeiros SC PA<\/a><\/li>\n\t\t<li class=\"menu-item menu-item-type-post_type menu-item-object-page menu-item-3854\"><a href=\"https:\/\/enbim.com.br\/site\/portfolio\/bombeiros-sc-qa\/\" class=\"elementor-sub-item\">Bombeiros SC QA<\/a><\/li>\n\t\t<li class=\"menu-item menu-item-type-post_type menu-item-object-page menu-item-3859\"><a href=\"https:\/\/enbim.com.br\/site\/portfolio\/centro-atendimento-ao-turista\/\" class=\"elementor-sub-item\">Centro Atendimento ao Turista<\/a><\/li>\n\t\t<li class=\"menu-item menu-item-type-post_type menu-item-object-page menu-item-3858\"><a href=\"https:\/\/enbim.com.br\/site\/portfolio\/cras\/\" class=\"elementor-sub-item\">Centro de Refer\u00eancia da Assist\u00eancia Social<\/a><\/li>\n\t\t<li class=\"menu-item menu-item-type-post_type menu-item-object-page menu-item-3857\"><a href=\"https:\/\/enbim.com.br\/site\/portfolio\/ginasio-pumptrack\/\" class=\"elementor-sub-item\">Gin\u00e1sio &#038; Pumptrack<\/a><\/li>\n\t<\/ul>\n<\/li>\n\t<li class=\"menu-item menu-item-type-custom menu-item-object-custom menu-item-has-children menu-item-3866\"><a class=\"elementor-sub-item\">Comercial<\/a>\n\t<ul class=\"sub-menu elementor-nav-menu--dropdown\">\n\t\t<li class=\"menu-item menu-item-type-post_type menu-item-object-page menu-item-3807\"><a href=\"https:\/\/enbim.com.br\/site\/portfolio\/hotel-sesc-bonito\/\" class=\"elementor-sub-item\">Hotel Sesc Bonito<\/a><\/li>\n\t\t<li class=\"menu-item menu-item-type-post_type menu-item-object-page menu-item-3658\"><a href=\"https:\/\/enbim.com.br\/site\/portfolio\/comercial-slm\/\" class=\"elementor-sub-item\">Comercial SLM<\/a><\/li>\n\t\t<li class=\"menu-item menu-item-type-post_type menu-item-object-page menu-item-3806\"><a href=\"https:\/\/enbim.com.br\/site\/portfolio\/galpoes-rj\/\" class=\"elementor-sub-item\">Galp\u00f5es RJ<\/a><\/li>\n\t\t<li class=\"menu-item menu-item-type-post_type menu-item-object-page menu-item-3805\"><a href=\"https:\/\/enbim.com.br\/site\/portfolio\/galpao-ntz\/\" class=\"elementor-sub-item\">Galp\u00e3o NTZ<\/a><\/li>\n\t\t<li class=\"menu-item menu-item-type-post_type menu-item-object-page menu-item-3803\"><a href=\"https:\/\/enbim.com.br\/site\/portfolio\/edf-comercial-ntz\/\" class=\"elementor-sub-item\">Edf. Comercial NTZ<\/a><\/li>\n\t\t<li class=\"menu-item menu-item-type-post_type menu-item-object-page menu-item-3804\"><a href=\"https:\/\/enbim.com.br\/site\/portfolio\/loja-ntz\/\" class=\"elementor-sub-item\">Loja NTZ<\/a><\/li>\n\t\t<li class=\"menu-item menu-item-type-post_type menu-item-object-page menu-item-3860\"><a href=\"https:\/\/enbim.com.br\/site\/portfolio\/cd-intelbras\/\" class=\"elementor-sub-item\">CD Intelbras<\/a><\/li>\n\t<\/ul>\n<\/li>\n\t<li class=\"menu-item menu-item-type-custom menu-item-object-custom menu-item-3867\"><a class=\"elementor-sub-item\">Residencial<\/a><\/li>\n<\/ul>\n<\/li>\n<\/ul>\t\t\t<\/nav>\n\t\t\t\t\t\t<nav class=\"elementor-nav-menu--dropdown elementor-nav-menu__container\" aria-hidden=\"true\">\n\t\t\t\t<ul id=\"menu-2-786b5d3\" class=\"elementor-nav-menu\"><li class=\"menu-item menu-item-type-custom menu-item-object-custom menu-item-has-children menu-item-3676\"><a class=\"elementor-item\" tabindex=\"-1\">Outros projetos<\/a>\n<ul class=\"sub-menu elementor-nav-menu--dropdown\">\n\t<li class=\"menu-item menu-item-type-custom menu-item-object-custom menu-item-has-children menu-item-3864\"><a class=\"elementor-sub-item\" tabindex=\"-1\">Educacional<\/a>\n\t<ul class=\"sub-menu elementor-nav-menu--dropdown\">\n\t\t<li class=\"menu-item menu-item-type-post_type menu-item-object-page menu-item-3674\"><a href=\"https:\/\/enbim.com.br\/site\/portfolio\/cmei\/\" class=\"elementor-sub-item\" tabindex=\"-1\">CMEI<\/a><\/li>\n\t\t<li class=\"menu-item menu-item-type-post_type menu-item-object-page menu-item-3863\"><a href=\"https:\/\/enbim.com.br\/site\/portfolio\/escola-municipal-pp\/\" class=\"elementor-sub-item\" tabindex=\"-1\">Escola Municipal PP<\/a><\/li>\n\t\t<li class=\"menu-item menu-item-type-post_type menu-item-object-page menu-item-3862\"><a href=\"https:\/\/enbim.com.br\/site\/portfolio\/escola-municipal-ai\/\" class=\"elementor-sub-item\" tabindex=\"-1\">Escola Municipal AI<\/a><\/li>\n\t\t<li class=\"menu-item menu-item-type-post_type menu-item-object-page menu-item-3861\"><a href=\"https:\/\/enbim.com.br\/site\/portfolio\/escola-municipal-vm\/\" class=\"elementor-sub-item\" tabindex=\"-1\">Escola Municipal VM<\/a><\/li>\n\t\t<li class=\"menu-item menu-item-type-post_type menu-item-object-page menu-item-3856\"><a href=\"https:\/\/enbim.com.br\/site\/portfolio\/escola-municipal-php\/\" class=\"elementor-sub-item\" tabindex=\"-1\">Escola Municipal PHP<\/a><\/li>\n\t\t<li class=\"menu-item menu-item-type-post_type menu-item-object-page menu-item-3855\"><a href=\"https:\/\/enbim.com.br\/site\/portfolio\/cei-mdm\/\" class=\"elementor-sub-item\" tabindex=\"-1\">CEI MdM<\/a><\/li>\n\t<\/ul>\n<\/li>\n\t<li class=\"menu-item menu-item-type-custom menu-item-object-custom menu-item-has-children menu-item-3865\"><a class=\"elementor-sub-item\" tabindex=\"-1\">Institucional<\/a>\n\t<ul class=\"sub-menu elementor-nav-menu--dropdown\">\n\t\t<li class=\"menu-item menu-item-type-post_type menu-item-object-page menu-item-3802\"><a href=\"https:\/\/enbim.com.br\/site\/portfolio\/bombeiros-sc-pa\/\" class=\"elementor-sub-item\" tabindex=\"-1\">Bombeiros SC PA<\/a><\/li>\n\t\t<li class=\"menu-item menu-item-type-post_type menu-item-object-page menu-item-3854\"><a href=\"https:\/\/enbim.com.br\/site\/portfolio\/bombeiros-sc-qa\/\" class=\"elementor-sub-item\" tabindex=\"-1\">Bombeiros SC QA<\/a><\/li>\n\t\t<li class=\"menu-item menu-item-type-post_type menu-item-object-page menu-item-3859\"><a href=\"https:\/\/enbim.com.br\/site\/portfolio\/centro-atendimento-ao-turista\/\" class=\"elementor-sub-item\" tabindex=\"-1\">Centro Atendimento ao Turista<\/a><\/li>\n\t\t<li class=\"menu-item menu-item-type-post_type menu-item-object-page menu-item-3858\"><a href=\"https:\/\/enbim.com.br\/site\/portfolio\/cras\/\" class=\"elementor-sub-item\" tabindex=\"-1\">Centro de Refer\u00eancia da Assist\u00eancia Social<\/a><\/li>\n\t\t<li class=\"menu-item menu-item-type-post_type menu-item-object-page menu-item-3857\"><a href=\"https:\/\/enbim.com.br\/site\/portfolio\/ginasio-pumptrack\/\" class=\"elementor-sub-item\" tabindex=\"-1\">Gin\u00e1sio &#038; Pumptrack<\/a><\/li>\n\t<\/ul>\n<\/li>\n\t<li class=\"menu-item menu-item-type-custom menu-item-object-custom menu-item-has-children menu-item-3866\"><a class=\"elementor-sub-item\" tabindex=\"-1\">Comercial<\/a>\n\t<ul class=\"sub-menu elementor-nav-menu--dropdown\">\n\t\t<li class=\"menu-item menu-item-type-post_type menu-item-object-page menu-item-3807\"><a href=\"https:\/\/enbim.com.br\/site\/portfolio\/hotel-sesc-bonito\/\" class=\"elementor-sub-item\" tabindex=\"-1\">Hotel Sesc Bonito<\/a><\/li>\n\t\t<li class=\"menu-item menu-item-type-post_type menu-item-object-page menu-item-3658\"><a href=\"https:\/\/enbim.com.br\/site\/portfolio\/comercial-slm\/\" class=\"elementor-sub-item\" tabindex=\"-1\">Comercial SLM<\/a><\/li>\n\t\t<li class=\"menu-item menu-item-type-post_type menu-item-object-page menu-item-3806\"><a href=\"https:\/\/enbim.com.br\/site\/portfolio\/galpoes-rj\/\" class=\"elementor-sub-item\" tabindex=\"-1\">Galp\u00f5es RJ<\/a><\/li>\n\t\t<li class=\"menu-item menu-item-type-post_type menu-item-object-page menu-item-3805\"><a href=\"https:\/\/enbim.com.br\/site\/portfolio\/galpao-ntz\/\" class=\"elementor-sub-item\" tabindex=\"-1\">Galp\u00e3o NTZ<\/a><\/li>\n\t\t<li class=\"menu-item menu-item-type-post_type menu-item-object-page menu-item-3803\"><a href=\"https:\/\/enbim.com.br\/site\/portfolio\/edf-comercial-ntz\/\" class=\"elementor-sub-item\" tabindex=\"-1\">Edf. Comercial NTZ<\/a><\/li>\n\t\t<li class=\"menu-item menu-item-type-post_type menu-item-object-page menu-item-3804\"><a href=\"https:\/\/enbim.com.br\/site\/portfolio\/loja-ntz\/\" class=\"elementor-sub-item\" tabindex=\"-1\">Loja NTZ<\/a><\/li>\n\t\t<li class=\"menu-item menu-item-type-post_type menu-item-object-page menu-item-3860\"><a href=\"https:\/\/enbim.com.br\/site\/portfolio\/cd-intelbras\/\" class=\"elementor-sub-item\" tabindex=\"-1\">CD Intelbras<\/a><\/li>\n\t<\/ul>\n<\/li>\n\t<li class=\"menu-item menu-item-type-custom menu-item-object-custom menu-item-3867\"><a class=\"elementor-sub-item\" tabindex=\"-1\">Residencial<\/a><\/li>\n<\/ul>\n<\/li>\n<\/ul>\t\t\t<\/nav>\n\t\t\t\t\t\t<\/div>\n\t\t\t\t<\/div>\n\t\t\t\t<\/div>\n\t\t\t\t<\/div>\n\t\t<div class=\"elementor-element elementor-element-5a2deb7 e-con-full e-flex e-con e-child\" data-id=\"5a2deb7\" data-element_type=\"container\">\n\t\t<div class=\"elementor-element elementor-element-9403036 e-con-full e-flex e-con e-child\" data-id=\"9403036\" data-element_type=\"container\">\n\t\t\t\t<div class=\"elementor-element elementor-element-3adc7de elementor-invisible elementor-widget elementor-widget-text-editor\" data-id=\"3adc7de\" data-element_type=\"widget\" data-settings=\"{&quot;_animation&quot;:&quot;fadeInDown&quot;}\" data-widget_type=\"text-editor.default\">\n\t\t\t\t<div class=\"elementor-widget-container\">\n\t\t\t\t\t\t\t\t\t<p>Projeto comercial<\/p>\t\t\t\t\t\t\t\t<\/div>\n\t\t\t\t<\/div>\n\t\t\t\t<div class=\"elementor-element elementor-element-6312c99 animated-slow elementor-invisible elementor-widget elementor-widget-heading\" data-id=\"6312c99\" data-element_type=\"widget\" data-settings=\"{&quot;_animation&quot;:&quot;fadeIn&quot;,&quot;_animation_delay&quot;:600}\" data-widget_type=\"heading.default\">\n\t\t\t\t<div class=\"elementor-widget-container\">\n\t\t\t\t\t<h2 class=\"elementor-heading-title elementor-size-default\">escola municipal\nai<\/h2>\t\t\t\t<\/div>\n\t\t\t\t<\/div>\n\t\t\t\t<div class=\"elementor-element elementor-element-65d1307 elementor-invisible elementor-widget elementor-widget-text-editor\" data-id=\"65d1307\" data-element_type=\"widget\" data-settings=\"{&quot;_animation&quot;:&quot;fadeInDown&quot;}\" data-widget_type=\"text-editor.default\">\n\t\t\t\t<div class=\"elementor-widget-container\">\n\t\t\t\t\t\t\t\t\t<pre>\u00c1rea do Projeto: <span style=\"text-decoration: underline;\"><strong>495,67m\u00b2<\/strong><\/span><\/pre>\t\t\t\t\t\t\t\t<\/div>\n\t\t\t\t<\/div>\n\t\t\t\t<\/div>\n\t\t<div class=\"elementor-element elementor-element-6c6b72d e-con-full e-flex e-con e-child\" data-id=\"6c6b72d\" data-element_type=\"container\">\n\t\t\t\t<div class=\"elementor-element elementor-element-266b125 elementor-widget elementor-widget-image\" data-id=\"266b125\" data-element_type=\"widget\" data-widget_type=\"image.default\">\n\t\t\t\t<div class=\"elementor-widget-container\">\n\t\t\t\t\t\t\t\t\t\t\t\t\t\t\t\t<a href=\"https:\/\/enbim.com.br\/site\/wp-content\/uploads\/2023\/07\/EM-AI-11.png\" data-elementor-open-lightbox=\"yes\" data-elementor-lightbox-title=\"EM AI (11)\" data-e-action-hash=\"#elementor-action%3Aaction%3Dlightbox%26settings%3DeyJpZCI6MTY3NywidXJsIjoiaHR0cHM6XC9cL2VuYmltLmNvbS5iclwvc2l0ZVwvd3AtY29udGVudFwvdXBsb2Fkc1wvMjAyM1wvMDdcL0VNLUFJLTExLnBuZyJ9\">\n\t\t\t\t\t\t\t<img decoding=\"async\" src=\"https:\/\/enbim.com.br\/site\/wp-content\/uploads\/elementor\/thumbs\/EM-AI-11-q9bf5ogzzpejc04xr9sa82nnl9yu57t6wi2675gg68.png\" title=\"EM AI (11)\" alt=\"EM AI (11)\" class=\"elementor-animation-float\" loading=\"lazy\" \/>\t\t\t\t\t\t\t\t<\/a>\n\t\t\t\t\t\t\t\t\t\t\t\t\t\t\t<\/div>\n\t\t\t\t<\/div>\n\t\t\t\t<\/div>\n\t\t<div class=\"elementor-element elementor-element-fa6cdb6 e-con-full e-flex e-con e-child\" data-id=\"fa6cdb6\" data-element_type=\"container\">\n\t\t\t\t<div class=\"elementor-element elementor-element-c6c4363 elementor-widget elementor-widget-image\" data-id=\"c6c4363\" data-element_type=\"widget\" data-widget_type=\"image.default\">\n\t\t\t\t<div class=\"elementor-widget-container\">\n\t\t\t\t\t\t\t\t\t\t\t\t\t\t\t\t<a href=\"https:\/\/enbim.com.br\/site\/wp-content\/uploads\/2023\/07\/EM-AI-12.png\" data-elementor-open-lightbox=\"yes\" data-elementor-lightbox-title=\"EM AI (12)\" data-e-action-hash=\"#elementor-action%3Aaction%3Dlightbox%26settings%3DeyJpZCI6MTY3OCwidXJsIjoiaHR0cHM6XC9cL2VuYmltLmNvbS5iclwvc2l0ZVwvd3AtY29udGVudFwvdXBsb2Fkc1wvMjAyM1wvMDdcL0VNLUFJLTEyLnBuZyJ9\">\n\t\t\t\t\t\t\t<img decoding=\"async\" src=\"https:\/\/enbim.com.br\/site\/wp-content\/uploads\/elementor\/thumbs\/EM-AI-12-q9bf6esm6hfr4czcgn6udcpxanm0knr33eps0u2j40.png\" title=\"EM AI (12)\" alt=\"EM AI (12)\" class=\"elementor-animation-float\" loading=\"lazy\" \/>\t\t\t\t\t\t\t\t<\/a>\n\t\t\t\t\t\t\t\t\t\t\t\t\t\t\t<\/div>\n\t\t\t\t<\/div>\n\t\t\t\t<div class=\"elementor-element elementor-element-3f79f60 elementor-invisible elementor-widget elementor-widget-text-editor\" data-id=\"3f79f60\" data-element_type=\"widget\" data-settings=\"{&quot;_animation_delay&quot;:600,&quot;_animation&quot;:&quot;fadeInUp&quot;}\" data-widget_type=\"text-editor.default\">\n\t\t\t\t<div class=\"elementor-widget-container\">\n\t\t\t\t\t\t\t\t\t<p>Projeto de Amplia\u00e7\u00e3o de uma Escola Municipal. Com 4 Salas de Aula, para at\u00e9 35 alunos, banheiros, e p\u00e1tio coberto com fun\u00e7\u00e3o de\u00a0refeit\u00f3rio.<br \/>Estrutura em alvenaria convencional, cobertura das salas, de madeira com fibrocimento. Devido \u00e0 \u00e1rea que o projeto atingiu somando \u00e0 parte existente, fez-se necess\u00e1rio o uso de Hidrantes, por este motivo foi projetado uma torre alta, para instala\u00e7\u00e3o da RTI.<\/p>\t\t\t\t\t\t\t\t<\/div>\n\t\t\t\t<\/div>\n\t\t\t\t<\/div>\n\t\t\t\t<\/div>\n\t\t<div class=\"elementor-element elementor-element-8cb1eee e-con-full e-flex e-con e-child\" data-id=\"8cb1eee\" data-element_type=\"container\">\n\t\t<div class=\"elementor-element elementor-element-01fe616 e-con-full e-flex e-con e-child\" data-id=\"01fe616\" data-element_type=\"container\">\n\t\t\t\t<div class=\"elementor-element elementor-element-11f03d3 elementor-widget elementor-widget-image\" data-id=\"11f03d3\" data-element_type=\"widget\" data-widget_type=\"image.default\">\n\t\t\t\t<div class=\"elementor-widget-container\">\n\t\t\t\t\t\t\t\t\t\t\t\t\t\t\t\t<a href=\"https:\/\/enbim.com.br\/site\/wp-content\/uploads\/2023\/07\/EM-AI-14.png\" data-elementor-open-lightbox=\"yes\" data-elementor-lightbox-title=\"EM AI (14)\" data-e-action-hash=\"#elementor-action%3Aaction%3Dlightbox%26settings%3DeyJpZCI6MTY4MCwidXJsIjoiaHR0cHM6XC9cL2VuYmltLmNvbS5iclwvc2l0ZVwvd3AtY29udGVudFwvdXBsb2Fkc1wvMjAyM1wvMDdcL0VNLUFJLTE0LnBuZyJ9\">\n\t\t\t\t\t\t\t<img decoding=\"async\" src=\"https:\/\/enbim.com.br\/site\/wp-content\/uploads\/elementor\/thumbs\/EM-AI-14-q9bf78vg96l9pu686nedpemojaka6i97fmw0lgqx08.png\" title=\"EM AI (14)\" alt=\"EM AI (14)\" class=\"elementor-animation-float\" loading=\"lazy\" \/>\t\t\t\t\t\t\t\t<\/a>\n\t\t\t\t\t\t\t\t\t\t\t\t\t\t\t<\/div>\n\t\t\t\t<\/div>\n\t\t\t\t<\/div>\n\t\t<div class=\"elementor-element elementor-element-0b2f503 e-con-full e-flex e-con e-child\" data-id=\"0b2f503\" data-element_type=\"container\">\n\t\t\t\t<div class=\"elementor-element elementor-element-5c13228 elementor-widget elementor-widget-image\" data-id=\"5c13228\" data-element_type=\"widget\" data-widget_type=\"image.default\">\n\t\t\t\t<div class=\"elementor-widget-container\">\n\t\t\t\t\t\t\t\t\t\t\t\t\t\t\t\t<a href=\"https:\/\/enbim.com.br\/site\/wp-content\/uploads\/2023\/07\/EM-AI-13.png\" data-elementor-open-lightbox=\"yes\" data-elementor-lightbox-title=\"EM AI (13)\" data-e-action-hash=\"#elementor-action%3Aaction%3Dlightbox%26settings%3DeyJpZCI6MTY3OSwidXJsIjoiaHR0cHM6XC9cL2VuYmltLmNvbS5iclwvc2l0ZVwvd3AtY29udGVudFwvdXBsb2Fkc1wvMjAyM1wvMDdcL0VNLUFJLTEzLnBuZyJ9\">\n\t\t\t\t\t\t\t<img decoding=\"async\" src=\"https:\/\/enbim.com.br\/site\/wp-content\/uploads\/elementor\/thumbs\/EM-AI-13-q9bf6kfnbhnh20r5jpmlsbaouyu7uudh46mowhu62o.png\" title=\"EM AI (13)\" alt=\"EM AI (13)\" class=\"elementor-animation-float\" loading=\"lazy\" \/>\t\t\t\t\t\t\t\t<\/a>\n\t\t\t\t\t\t\t\t\t\t\t\t\t\t\t<\/div>\n\t\t\t\t<\/div>\n\t\t\t\t<\/div>\n\t\t\t\t<\/div>\n\t\t\t\t<\/div>\n\t\t<!-- dce invisible element 20175de -->\t\t<\/div>\n\t\t","protected":false},"excerpt":{"rendered":"<p>Projeto comercial escola municipal ai \u00c1rea do Projeto: 495,67m\u00b2 Projeto de Amplia\u00e7\u00e3o de uma Escola Municipal. Com 4 Salas de Aula, para at\u00e9 35 alunos, banheiros, e p\u00e1tio coberto com fun\u00e7\u00e3o de\u00a0refeit\u00f3rio.Estrutura em alvenaria convencional, cobertura das salas, de madeira com fibrocimento. Devido \u00e0 \u00e1rea que o projeto atingiu somando \u00e0 parte existente, fez-se necess\u00e1rio [&hellip;]<\/p>\n","protected":false},"author":1,"featured_media":0,"parent":2959,"menu_order":0,"comment_status":"closed","ping_status":"closed","template":"elementor_header_footer","meta":{"inline_featured_image":false,"footnotes":""},"class_list":["post-3816","page","type-page","status-publish","hentry","fbv_pt_tax_page-projetos"],"_links":{"self":[{"href":"https:\/\/enbim.com.br\/site\/wp-json\/wp\/v2\/pages\/3816","targetHints":{"allow":["GET"]}}],"collection":[{"href":"https:\/\/enbim.com.br\/site\/wp-json\/wp\/v2\/pages"}],"about":[{"href":"https:\/\/enbim.com.br\/site\/wp-json\/wp\/v2\/types\/page"}],"author":[{"embeddable":true,"href":"https:\/\/enbim.com.br\/site\/wp-json\/wp\/v2\/users\/1"}],"replies":[{"embeddable":true,"href":"https:\/\/enbim.com.br\/site\/wp-json\/wp\/v2\/comments?post=3816"}],"version-history":[{"count":10,"href":"https:\/\/enbim.com.br\/site\/wp-json\/wp\/v2\/pages\/3816\/revisions"}],"predecessor-version":[{"id":4612,"href":"https:\/\/enbim.com.br\/site\/wp-json\/wp\/v2\/pages\/3816\/revisions\/4612"}],"up":[{"embeddable":true,"href":"https:\/\/enbim.com.br\/site\/wp-json\/wp\/v2\/pages\/2959"}],"wp:attachment":[{"href":"https:\/\/enbim.com.br\/site\/wp-json\/wp\/v2\/media?parent=3816"}],"curies":[{"name":"wp","href":"https:\/\/api.w.org\/{rel}","templated":true}]}}