{"id":3818,"date":"2023-08-01T09:54:03","date_gmt":"2023-08-01T12:54:03","guid":{"rendered":"https:\/\/enbim.com.br\/site\/?page_id=3818"},"modified":"2025-01-15T00:06:34","modified_gmt":"2025-01-15T03:06:34","slug":"escola-municipal-vm","status":"publish","type":"page","link":"https:\/\/enbim.com.br\/site\/portfolio\/escola-municipal-vm\/","title":{"rendered":"Escola Municipal VM"},"content":{"rendered":"\t\t<div data-elementor-type=\"wp-page\" data-elementor-id=\"3818\" class=\"elementor elementor-3818\" data-elementor-post-type=\"page\">\n\t\t\t\t<div class=\"elementor-element elementor-element-d22d68b e-con-full e-flex e-con e-parent\" data-id=\"d22d68b\" data-element_type=\"container\">\n\t\t<div class=\"elementor-element elementor-element-434d1e1 e-con-full e-flex e-con e-child\" data-id=\"434d1e1\" data-element_type=\"container\">\n\t\t<div class=\"elementor-element elementor-element-9d0bc21 e-con-full e-flex e-con e-child\" data-id=\"9d0bc21\" data-element_type=\"container\">\n\t\t\t\t<div class=\"elementor-element elementor-element-393c89c elementor-nav-menu__align-end elementor-nav-menu--dropdown-none elementor-widget elementor-widget-nav-menu\" data-id=\"393c89c\" data-element_type=\"widget\" data-settings=\"{&quot;layout&quot;:&quot;horizontal&quot;,&quot;submenu_icon&quot;:{&quot;value&quot;:&quot;&lt;svg class=\\&quot;e-font-icon-svg e-fas-caret-down\\&quot; viewBox=\\&quot;0 0 320 512\\&quot; xmlns=\\&quot;http:\\\/\\\/www.w3.org\\\/2000\\\/svg\\&quot;&gt;&lt;path d=\\&quot;M31.3 192h257.3c17.8 0 26.7 21.5 14.1 34.1L174.1 354.8c-7.8 7.8-20.5 7.8-28.3 0L17.2 226.1C4.6 213.5 13.5 192 31.3 192z\\&quot;&gt;&lt;\\\/path&gt;&lt;\\\/svg&gt;&quot;,&quot;library&quot;:&quot;fa-solid&quot;}}\" data-widget_type=\"nav-menu.default\">\n\t\t\t\t<div class=\"elementor-widget-container\">\n\t\t\t\t\t\t\t\t<nav class=\"elementor-nav-menu--main elementor-nav-menu__container elementor-nav-menu--layout-horizontal e--pointer-underline e--animation-fade\">\n\t\t\t\t<ul id=\"menu-1-393c89c\" class=\"elementor-nav-menu\"><li class=\"menu-item menu-item-type-custom menu-item-object-custom menu-item-has-children menu-item-3676\"><a class=\"elementor-item\">Outros projetos<\/a>\n<ul class=\"sub-menu elementor-nav-menu--dropdown\">\n\t<li class=\"menu-item menu-item-type-custom menu-item-object-custom menu-item-has-children menu-item-3864\"><a class=\"elementor-sub-item\">Educacional<\/a>\n\t<ul class=\"sub-menu elementor-nav-menu--dropdown\">\n\t\t<li class=\"menu-item menu-item-type-post_type menu-item-object-page menu-item-3674\"><a href=\"https:\/\/enbim.com.br\/site\/portfolio\/cmei\/\" class=\"elementor-sub-item\">CMEI<\/a><\/li>\n\t\t<li class=\"menu-item menu-item-type-post_type menu-item-object-page menu-item-3863\"><a href=\"https:\/\/enbim.com.br\/site\/portfolio\/escola-municipal-pp\/\" class=\"elementor-sub-item\">Escola Municipal PP<\/a><\/li>\n\t\t<li class=\"menu-item menu-item-type-post_type menu-item-object-page menu-item-3862\"><a href=\"https:\/\/enbim.com.br\/site\/portfolio\/escola-municipal-ai\/\" class=\"elementor-sub-item\">Escola Municipal AI<\/a><\/li>\n\t\t<li class=\"menu-item menu-item-type-post_type menu-item-object-page menu-item-3861\"><a href=\"https:\/\/enbim.com.br\/site\/portfolio\/escola-municipal-vm\/\" class=\"elementor-sub-item\">Escola Municipal VM<\/a><\/li>\n\t\t<li class=\"menu-item menu-item-type-post_type menu-item-object-page menu-item-3856\"><a href=\"https:\/\/enbim.com.br\/site\/portfolio\/escola-municipal-php\/\" class=\"elementor-sub-item\">Escola Municipal PHP<\/a><\/li>\n\t\t<li class=\"menu-item menu-item-type-post_type menu-item-object-page menu-item-3855\"><a href=\"https:\/\/enbim.com.br\/site\/portfolio\/cei-mdm\/\" class=\"elementor-sub-item\">CEI MdM<\/a><\/li>\n\t<\/ul>\n<\/li>\n\t<li class=\"menu-item menu-item-type-custom menu-item-object-custom menu-item-has-children menu-item-3865\"><a class=\"elementor-sub-item\">Institucional<\/a>\n\t<ul class=\"sub-menu elementor-nav-menu--dropdown\">\n\t\t<li class=\"menu-item menu-item-type-post_type menu-item-object-page menu-item-3802\"><a href=\"https:\/\/enbim.com.br\/site\/portfolio\/bombeiros-sc-pa\/\" class=\"elementor-sub-item\">Bombeiros SC PA<\/a><\/li>\n\t\t<li class=\"menu-item menu-item-type-post_type menu-item-object-page menu-item-3854\"><a href=\"https:\/\/enbim.com.br\/site\/portfolio\/bombeiros-sc-qa\/\" class=\"elementor-sub-item\">Bombeiros SC QA<\/a><\/li>\n\t\t<li class=\"menu-item menu-item-type-post_type menu-item-object-page menu-item-3859\"><a href=\"https:\/\/enbim.com.br\/site\/portfolio\/centro-atendimento-ao-turista\/\" class=\"elementor-sub-item\">Centro Atendimento ao Turista<\/a><\/li>\n\t\t<li class=\"menu-item menu-item-type-post_type menu-item-object-page menu-item-3858\"><a href=\"https:\/\/enbim.com.br\/site\/portfolio\/cras\/\" class=\"elementor-sub-item\">Centro de Refer\u00eancia da Assist\u00eancia Social<\/a><\/li>\n\t\t<li class=\"menu-item menu-item-type-post_type menu-item-object-page menu-item-3857\"><a href=\"https:\/\/enbim.com.br\/site\/portfolio\/ginasio-pumptrack\/\" class=\"elementor-sub-item\">Gin\u00e1sio &#038; Pumptrack<\/a><\/li>\n\t<\/ul>\n<\/li>\n\t<li class=\"menu-item menu-item-type-custom menu-item-object-custom menu-item-has-children menu-item-3866\"><a class=\"elementor-sub-item\">Comercial<\/a>\n\t<ul class=\"sub-menu elementor-nav-menu--dropdown\">\n\t\t<li class=\"menu-item menu-item-type-post_type menu-item-object-page menu-item-3807\"><a href=\"https:\/\/enbim.com.br\/site\/portfolio\/hotel-sesc-bonito\/\" class=\"elementor-sub-item\">Hotel Sesc Bonito<\/a><\/li>\n\t\t<li class=\"menu-item menu-item-type-post_type menu-item-object-page menu-item-3658\"><a href=\"https:\/\/enbim.com.br\/site\/portfolio\/comercial-slm\/\" class=\"elementor-sub-item\">Comercial SLM<\/a><\/li>\n\t\t<li class=\"menu-item menu-item-type-post_type menu-item-object-page menu-item-3806\"><a href=\"https:\/\/enbim.com.br\/site\/portfolio\/galpoes-rj\/\" class=\"elementor-sub-item\">Galp\u00f5es RJ<\/a><\/li>\n\t\t<li class=\"menu-item menu-item-type-post_type menu-item-object-page menu-item-3805\"><a href=\"https:\/\/enbim.com.br\/site\/portfolio\/galpao-ntz\/\" class=\"elementor-sub-item\">Galp\u00e3o NTZ<\/a><\/li>\n\t\t<li class=\"menu-item menu-item-type-post_type menu-item-object-page menu-item-3803\"><a href=\"https:\/\/enbim.com.br\/site\/portfolio\/edf-comercial-ntz\/\" class=\"elementor-sub-item\">Edf. Comercial NTZ<\/a><\/li>\n\t\t<li class=\"menu-item menu-item-type-post_type menu-item-object-page menu-item-3804\"><a href=\"https:\/\/enbim.com.br\/site\/portfolio\/loja-ntz\/\" class=\"elementor-sub-item\">Loja NTZ<\/a><\/li>\n\t\t<li class=\"menu-item menu-item-type-post_type menu-item-object-page menu-item-3860\"><a href=\"https:\/\/enbim.com.br\/site\/portfolio\/cd-intelbras\/\" class=\"elementor-sub-item\">CD Intelbras<\/a><\/li>\n\t<\/ul>\n<\/li>\n\t<li class=\"menu-item menu-item-type-custom menu-item-object-custom menu-item-3867\"><a class=\"elementor-sub-item\">Residencial<\/a><\/li>\n<\/ul>\n<\/li>\n<\/ul>\t\t\t<\/nav>\n\t\t\t\t\t\t<nav class=\"elementor-nav-menu--dropdown elementor-nav-menu__container\" aria-hidden=\"true\">\n\t\t\t\t<ul id=\"menu-2-393c89c\" class=\"elementor-nav-menu\"><li class=\"menu-item menu-item-type-custom menu-item-object-custom menu-item-has-children menu-item-3676\"><a class=\"elementor-item\" tabindex=\"-1\">Outros projetos<\/a>\n<ul class=\"sub-menu elementor-nav-menu--dropdown\">\n\t<li class=\"menu-item menu-item-type-custom menu-item-object-custom menu-item-has-children menu-item-3864\"><a class=\"elementor-sub-item\" tabindex=\"-1\">Educacional<\/a>\n\t<ul class=\"sub-menu elementor-nav-menu--dropdown\">\n\t\t<li class=\"menu-item menu-item-type-post_type menu-item-object-page menu-item-3674\"><a href=\"https:\/\/enbim.com.br\/site\/portfolio\/cmei\/\" class=\"elementor-sub-item\" tabindex=\"-1\">CMEI<\/a><\/li>\n\t\t<li class=\"menu-item menu-item-type-post_type menu-item-object-page menu-item-3863\"><a href=\"https:\/\/enbim.com.br\/site\/portfolio\/escola-municipal-pp\/\" class=\"elementor-sub-item\" tabindex=\"-1\">Escola Municipal PP<\/a><\/li>\n\t\t<li class=\"menu-item menu-item-type-post_type menu-item-object-page menu-item-3862\"><a href=\"https:\/\/enbim.com.br\/site\/portfolio\/escola-municipal-ai\/\" class=\"elementor-sub-item\" tabindex=\"-1\">Escola Municipal AI<\/a><\/li>\n\t\t<li class=\"menu-item menu-item-type-post_type menu-item-object-page menu-item-3861\"><a href=\"https:\/\/enbim.com.br\/site\/portfolio\/escola-municipal-vm\/\" class=\"elementor-sub-item\" tabindex=\"-1\">Escola Municipal VM<\/a><\/li>\n\t\t<li class=\"menu-item menu-item-type-post_type menu-item-object-page menu-item-3856\"><a href=\"https:\/\/enbim.com.br\/site\/portfolio\/escola-municipal-php\/\" class=\"elementor-sub-item\" tabindex=\"-1\">Escola Municipal PHP<\/a><\/li>\n\t\t<li class=\"menu-item menu-item-type-post_type menu-item-object-page menu-item-3855\"><a href=\"https:\/\/enbim.com.br\/site\/portfolio\/cei-mdm\/\" class=\"elementor-sub-item\" tabindex=\"-1\">CEI MdM<\/a><\/li>\n\t<\/ul>\n<\/li>\n\t<li class=\"menu-item menu-item-type-custom menu-item-object-custom menu-item-has-children menu-item-3865\"><a class=\"elementor-sub-item\" tabindex=\"-1\">Institucional<\/a>\n\t<ul class=\"sub-menu elementor-nav-menu--dropdown\">\n\t\t<li class=\"menu-item menu-item-type-post_type menu-item-object-page menu-item-3802\"><a href=\"https:\/\/enbim.com.br\/site\/portfolio\/bombeiros-sc-pa\/\" class=\"elementor-sub-item\" tabindex=\"-1\">Bombeiros SC PA<\/a><\/li>\n\t\t<li class=\"menu-item menu-item-type-post_type menu-item-object-page menu-item-3854\"><a href=\"https:\/\/enbim.com.br\/site\/portfolio\/bombeiros-sc-qa\/\" class=\"elementor-sub-item\" tabindex=\"-1\">Bombeiros SC QA<\/a><\/li>\n\t\t<li class=\"menu-item menu-item-type-post_type menu-item-object-page menu-item-3859\"><a href=\"https:\/\/enbim.com.br\/site\/portfolio\/centro-atendimento-ao-turista\/\" class=\"elementor-sub-item\" tabindex=\"-1\">Centro Atendimento ao Turista<\/a><\/li>\n\t\t<li class=\"menu-item menu-item-type-post_type menu-item-object-page menu-item-3858\"><a href=\"https:\/\/enbim.com.br\/site\/portfolio\/cras\/\" class=\"elementor-sub-item\" tabindex=\"-1\">Centro de Refer\u00eancia da Assist\u00eancia Social<\/a><\/li>\n\t\t<li class=\"menu-item menu-item-type-post_type menu-item-object-page menu-item-3857\"><a href=\"https:\/\/enbim.com.br\/site\/portfolio\/ginasio-pumptrack\/\" class=\"elementor-sub-item\" tabindex=\"-1\">Gin\u00e1sio &#038; Pumptrack<\/a><\/li>\n\t<\/ul>\n<\/li>\n\t<li class=\"menu-item menu-item-type-custom menu-item-object-custom menu-item-has-children menu-item-3866\"><a class=\"elementor-sub-item\" tabindex=\"-1\">Comercial<\/a>\n\t<ul class=\"sub-menu elementor-nav-menu--dropdown\">\n\t\t<li class=\"menu-item menu-item-type-post_type menu-item-object-page menu-item-3807\"><a href=\"https:\/\/enbim.com.br\/site\/portfolio\/hotel-sesc-bonito\/\" class=\"elementor-sub-item\" tabindex=\"-1\">Hotel Sesc Bonito<\/a><\/li>\n\t\t<li class=\"menu-item menu-item-type-post_type menu-item-object-page menu-item-3658\"><a href=\"https:\/\/enbim.com.br\/site\/portfolio\/comercial-slm\/\" class=\"elementor-sub-item\" tabindex=\"-1\">Comercial SLM<\/a><\/li>\n\t\t<li class=\"menu-item menu-item-type-post_type menu-item-object-page menu-item-3806\"><a href=\"https:\/\/enbim.com.br\/site\/portfolio\/galpoes-rj\/\" class=\"elementor-sub-item\" tabindex=\"-1\">Galp\u00f5es RJ<\/a><\/li>\n\t\t<li class=\"menu-item menu-item-type-post_type menu-item-object-page menu-item-3805\"><a href=\"https:\/\/enbim.com.br\/site\/portfolio\/galpao-ntz\/\" class=\"elementor-sub-item\" tabindex=\"-1\">Galp\u00e3o NTZ<\/a><\/li>\n\t\t<li class=\"menu-item menu-item-type-post_type menu-item-object-page menu-item-3803\"><a href=\"https:\/\/enbim.com.br\/site\/portfolio\/edf-comercial-ntz\/\" class=\"elementor-sub-item\" tabindex=\"-1\">Edf. Comercial NTZ<\/a><\/li>\n\t\t<li class=\"menu-item menu-item-type-post_type menu-item-object-page menu-item-3804\"><a href=\"https:\/\/enbim.com.br\/site\/portfolio\/loja-ntz\/\" class=\"elementor-sub-item\" tabindex=\"-1\">Loja NTZ<\/a><\/li>\n\t\t<li class=\"menu-item menu-item-type-post_type menu-item-object-page menu-item-3860\"><a href=\"https:\/\/enbim.com.br\/site\/portfolio\/cd-intelbras\/\" class=\"elementor-sub-item\" tabindex=\"-1\">CD Intelbras<\/a><\/li>\n\t<\/ul>\n<\/li>\n\t<li class=\"menu-item menu-item-type-custom menu-item-object-custom menu-item-3867\"><a class=\"elementor-sub-item\" tabindex=\"-1\">Residencial<\/a><\/li>\n<\/ul>\n<\/li>\n<\/ul>\t\t\t<\/nav>\n\t\t\t\t\t\t<\/div>\n\t\t\t\t<\/div>\n\t\t\t\t<\/div>\n\t\t\t\t<\/div>\n\t\t<div class=\"elementor-element elementor-element-c953bed e-con-full e-flex e-con e-child\" data-id=\"c953bed\" data-element_type=\"container\">\n\t\t<div class=\"elementor-element elementor-element-40e8216 e-con-full e-flex e-con e-child\" data-id=\"40e8216\" data-element_type=\"container\">\n\t\t\t\t<div class=\"elementor-element elementor-element-5253cbb elementor-invisible elementor-widget elementor-widget-text-editor\" data-id=\"5253cbb\" data-element_type=\"widget\" data-settings=\"{&quot;_animation&quot;:&quot;fadeInDown&quot;}\" data-widget_type=\"text-editor.default\">\n\t\t\t\t<div class=\"elementor-widget-container\">\n\t\t\t\t\t\t\t\t\t<p>Projeto comercial<\/p>\t\t\t\t\t\t\t\t<\/div>\n\t\t\t\t<\/div>\n\t\t\t\t<div class=\"elementor-element elementor-element-c9e343b animated-slow elementor-invisible elementor-widget elementor-widget-heading\" data-id=\"c9e343b\" data-element_type=\"widget\" data-settings=\"{&quot;_animation&quot;:&quot;fadeIn&quot;,&quot;_animation_delay&quot;:600}\" data-widget_type=\"heading.default\">\n\t\t\t\t<div class=\"elementor-widget-container\">\n\t\t\t\t\t<h2 class=\"elementor-heading-title elementor-size-default\">escola municipal\nvm<\/h2>\t\t\t\t<\/div>\n\t\t\t\t<\/div>\n\t\t\t\t<div class=\"elementor-element elementor-element-4e6ba7a elementor-invisible elementor-widget elementor-widget-text-editor\" data-id=\"4e6ba7a\" data-element_type=\"widget\" data-settings=\"{&quot;_animation_delay&quot;:600,&quot;_animation&quot;:&quot;fadeInUp&quot;}\" data-widget_type=\"text-editor.default\">\n\t\t\t\t<div class=\"elementor-widget-container\">\n\t\t\t\t\t\t\t\t\t<p>Um verdadeiro desafio \u00e9 conseguir combinar as in\u00fameras ideias de um cliente, mais complicado ainda, \u00e9 quando existem muitas pessoas opinando sobre o projeto. Para se encontrar um denominador comum, n\u00e3o h\u00e1 outra maneira a n\u00e3o ser o di\u00e1logo constante. Com essa escola foi exatamente assim, reuni\u00f5es quase que semanais com o cliente, para alinhamento de pontos, apresenta\u00e7\u00e3o de ideias, escolha de materiais, detalhes das fachadas, e etc..\u00a0<\/p>\t\t\t\t\t\t\t\t<\/div>\n\t\t\t\t<\/div>\n\t\t\t\t<\/div>\n\t\t<div class=\"elementor-element elementor-element-756623e e-con-full e-flex e-con e-child\" data-id=\"756623e\" data-element_type=\"container\">\n\t\t\t\t<div class=\"elementor-element elementor-element-6795ceb elementor-invisible elementor-widget elementor-widget-text-editor\" data-id=\"6795ceb\" data-element_type=\"widget\" data-settings=\"{&quot;_animation&quot;:&quot;fadeInDown&quot;}\" data-widget_type=\"text-editor.default\">\n\t\t\t\t<div class=\"elementor-widget-container\">\n\t\t\t\t\t\t\t\t\t<pre>\u00c1rea do Projeto: <span style=\"text-decoration: underline;\"><strong>1925,15m\u00b2<\/strong><\/span><\/pre>\t\t\t\t\t\t\t\t<\/div>\n\t\t\t\t<\/div>\n\t\t\t\t<div class=\"elementor-element elementor-element-d9aa019 elementor-widget elementor-widget-image\" data-id=\"d9aa019\" data-element_type=\"widget\" data-widget_type=\"image.default\">\n\t\t\t\t<div class=\"elementor-widget-container\">\n\t\t\t\t\t\t\t\t\t\t\t\t\t\t\t\t<a href=\"https:\/\/enbim.com.br\/site\/wp-content\/uploads\/2023\/07\/EM-VM-11.png\" data-elementor-open-lightbox=\"yes\" data-elementor-lightbox-title=\"EM VM (11)\" data-e-action-hash=\"#elementor-action%3Aaction%3Dlightbox%26settings%3DeyJpZCI6MTY5MSwidXJsIjoiaHR0cHM6XC9cL2VuYmltLmNvbS5iclwvc2l0ZVwvd3AtY29udGVudFwvdXBsb2Fkc1wvMjAyM1wvMDdcL0VNLVZNLTExLnBuZyJ9\">\n\t\t\t\t\t\t\t<img decoding=\"async\" src=\"https:\/\/enbim.com.br\/site\/wp-content\/uploads\/elementor\/thumbs\/EM-VM-11-q9bfq7a57hhwtibrx551nw7yi4tc7ba7q2tten10bk.png\" title=\"EM VM (11)\" alt=\"EM VM (11)\" class=\"elementor-animation-float\" loading=\"lazy\" \/>\t\t\t\t\t\t\t\t<\/a>\n\t\t\t\t\t\t\t\t\t\t\t\t\t\t\t<\/div>\n\t\t\t\t<\/div>\n\t\t\t\t<\/div>\n\t\t<div class=\"elementor-element elementor-element-033b237 e-con-full e-flex e-con e-child\" data-id=\"033b237\" data-element_type=\"container\">\n\t\t\t\t<div class=\"elementor-element elementor-element-ce1e142 elementor-widget elementor-widget-image\" data-id=\"ce1e142\" data-element_type=\"widget\" data-widget_type=\"image.default\">\n\t\t\t\t<div class=\"elementor-widget-container\">\n\t\t\t\t\t\t\t\t\t\t\t\t\t\t\t\t<a href=\"https:\/\/enbim.com.br\/site\/wp-content\/uploads\/2023\/07\/EM-VM-12.png\" data-elementor-open-lightbox=\"yes\" data-elementor-lightbox-title=\"EM VM (12)\" data-e-action-hash=\"#elementor-action%3Aaction%3Dlightbox%26settings%3DeyJpZCI6MTY5MiwidXJsIjoiaHR0cHM6XC9cL2VuYmltLmNvbS5iclwvc2l0ZVwvd3AtY29udGVudFwvdXBsb2Fkc1wvMjAyM1wvMDdcL0VNLVZNLTEyLnBuZyJ9\">\n\t\t\t\t\t\t\t<img decoding=\"async\" src=\"https:\/\/enbim.com.br\/site\/wp-content\/uploads\/elementor\/thumbs\/EM-VM-12-q9bfqp57or7jpdigzwvyoqf2v1m7phaivtm1wtzmtc.png\" title=\"EM VM (12)\" alt=\"EM VM (12)\" class=\"elementor-animation-float\" loading=\"lazy\" \/>\t\t\t\t\t\t\t\t<\/a>\n\t\t\t\t\t\t\t\t\t\t\t\t\t\t\t<\/div>\n\t\t\t\t<\/div>\n\t\t\t\t<div class=\"elementor-element elementor-element-494f870 elementor-invisible elementor-widget elementor-widget-text-editor\" data-id=\"494f870\" data-element_type=\"widget\" data-settings=\"{&quot;_animation_delay&quot;:600,&quot;_animation&quot;:&quot;fadeInUp&quot;}\" data-widget_type=\"text-editor.default\">\n\t\t\t\t<div class=\"elementor-widget-container\">\n\t\t\t\t\t\t\t\t\t<p>Ao final de longos meses, conseguimos elaborar um projeto super bacana, moderno, de uma escola municipal com 9 salas de aula para at\u00e9 40 alunos, sala de artes, biblioteca, \u00e1reas administrativas, refeit\u00f3rio, e mais \u00e1reas externas. Pensada tamb\u00e9m de uma forma estrat\u00e9gica, onde seria poss\u00edvel expandir a escola criando-se blocos adicionais.<\/p>\t\t\t\t\t\t\t\t<\/div>\n\t\t\t\t<\/div>\n\t\t\t\t<\/div>\n\t\t\t\t<\/div>\n\t\t<div class=\"elementor-element elementor-element-6fe20bd e-con-full e-flex e-con e-child\" data-id=\"6fe20bd\" data-element_type=\"container\">\n\t\t<div class=\"elementor-element elementor-element-192e367 e-con-full e-flex e-con e-child\" data-id=\"192e367\" data-element_type=\"container\">\n\t\t\t\t<div class=\"elementor-element elementor-element-e3e3012 elementor-widget elementor-widget-image\" data-id=\"e3e3012\" data-element_type=\"widget\" data-widget_type=\"image.default\">\n\t\t\t\t<div class=\"elementor-widget-container\">\n\t\t\t\t\t\t\t\t\t\t\t\t\t\t\t\t<a href=\"https:\/\/enbim.com.br\/site\/wp-content\/uploads\/2023\/07\/EM-VM-13.png\" data-elementor-open-lightbox=\"yes\" data-elementor-lightbox-title=\"EM VM (13)\" data-e-action-hash=\"#elementor-action%3Aaction%3Dlightbox%26settings%3DeyJpZCI6MTY5MywidXJsIjoiaHR0cHM6XC9cL2VuYmltLmNvbS5iclwvc2l0ZVwvd3AtY29udGVudFwvdXBsb2Fkc1wvMjAyM1wvMDdcL0VNLVZNLTEzLnBuZyJ9\">\n\t\t\t\t\t\t\t<img decoding=\"async\" src=\"https:\/\/enbim.com.br\/site\/wp-content\/uploads\/elementor\/thumbs\/EM-VM-13-q9bfrbpc8s2fg0lpc6n0ckq54aj0u7s2yx9pfh26o0.png\" title=\"EM VM (13)\" alt=\"EM VM (13)\" class=\"elementor-animation-float\" loading=\"lazy\" \/>\t\t\t\t\t\t\t\t<\/a>\n\t\t\t\t\t\t\t\t\t\t\t\t\t\t\t<\/div>\n\t\t\t\t<\/div>\n\t\t\t\t<\/div>\n\t\t<div class=\"elementor-element elementor-element-8a83c6e e-con-full e-flex e-con e-child\" data-id=\"8a83c6e\" data-element_type=\"container\">\n\t\t\t\t<div class=\"elementor-element elementor-element-2fda968 elementor-widget elementor-widget-image\" data-id=\"2fda968\" data-element_type=\"widget\" data-widget_type=\"image.default\">\n\t\t\t\t<div class=\"elementor-widget-container\">\n\t\t\t\t\t\t\t\t\t\t\t\t\t\t\t\t<a href=\"https:\/\/enbim.com.br\/site\/wp-content\/uploads\/2023\/07\/EM-VM-14.png\" data-elementor-open-lightbox=\"yes\" data-elementor-lightbox-title=\"EM VM (14)\" data-e-action-hash=\"#elementor-action%3Aaction%3Dlightbox%26settings%3DeyJpZCI6MTY5NCwidXJsIjoiaHR0cHM6XC9cL2VuYmltLmNvbS5iclwvc2l0ZVwvd3AtY29udGVudFwvdXBsb2Fkc1wvMjAyM1wvMDdcL0VNLVZNLTE0LnBuZyJ9\">\n\t\t\t\t\t\t\t<img decoding=\"async\" src=\"https:\/\/enbim.com.br\/site\/wp-content\/uploads\/elementor\/thumbs\/EM-VM-14-q9bfrtk9umqvklvrfwcx5y7wem2zwgqzddnxjqbpds.png\" title=\"EM VM (14)\" alt=\"EM VM (14)\" class=\"elementor-animation-float\" loading=\"lazy\" \/>\t\t\t\t\t\t\t\t<\/a>\n\t\t\t\t\t\t\t\t\t\t\t\t\t\t\t<\/div>\n\t\t\t\t<\/div>\n\t\t\t\t<\/div>\n\t\t\t\t<\/div>\n\t\t<div class=\"elementor-element elementor-element-64788b8 e-con-full e-flex e-con e-child\" data-id=\"64788b8\" data-element_type=\"container\">\n\t\t<div class=\"elementor-element elementor-element-387634e e-con-full e-flex e-con e-child\" data-id=\"387634e\" data-element_type=\"container\">\n\t\t\t\t<div class=\"elementor-element elementor-element-87cd49b elementor-widget elementor-widget-image\" data-id=\"87cd49b\" data-element_type=\"widget\" data-widget_type=\"image.default\">\n\t\t\t\t<div class=\"elementor-widget-container\">\n\t\t\t\t\t\t\t\t\t\t\t\t\t\t\t\t<a href=\"https:\/\/enbim.com.br\/site\/wp-content\/uploads\/2023\/07\/EM-VM-15.png\" data-elementor-open-lightbox=\"yes\" data-elementor-lightbox-title=\"EM VM (15)\" data-e-action-hash=\"#elementor-action%3Aaction%3Dlightbox%26settings%3DeyJpZCI6MTY5NSwidXJsIjoiaHR0cHM6XC9cL2VuYmltLmNvbS5iclwvc2l0ZVwvd3AtY29udGVudFwvdXBsb2Fkc1wvMjAyM1wvMDdcL0VNLVZNLTE1LnBuZyJ9\">\n\t\t\t\t\t\t\t<img decoding=\"async\" src=\"https:\/\/enbim.com.br\/site\/wp-content\/uploads\/elementor\/thumbs\/EM-VM-15-q9bfs3whxt514bgqrittfdlyxuo194w12su9trwdhc.png\" title=\"EM VM (15)\" alt=\"EM VM (15)\" class=\"elementor-animation-float\" loading=\"lazy\" \/>\t\t\t\t\t\t\t\t<\/a>\n\t\t\t\t\t\t\t\t\t\t\t\t\t\t\t<\/div>\n\t\t\t\t<\/div>\n\t\t\t\t<\/div>\n\t\t<div class=\"elementor-element elementor-element-8682347 e-con-full e-flex e-con e-child\" data-id=\"8682347\" data-element_type=\"container\">\n\t\t\t\t<div class=\"elementor-element elementor-element-9868a53 elementor-widget elementor-widget-image\" data-id=\"9868a53\" data-element_type=\"widget\" data-widget_type=\"image.default\">\n\t\t\t\t<div class=\"elementor-widget-container\">\n\t\t\t\t\t\t\t\t\t\t\t\t\t\t\t\t<a href=\"https:\/\/enbim.com.br\/site\/wp-content\/uploads\/2023\/07\/EM-VM-16.png\" data-elementor-open-lightbox=\"yes\" data-elementor-lightbox-title=\"EM VM (16)\" data-e-action-hash=\"#elementor-action%3Aaction%3Dlightbox%26settings%3DeyJpZCI6MTY5NiwidXJsIjoiaHR0cHM6XC9cL2VuYmltLmNvbS5iclwvc2l0ZVwvd3AtY29udGVudFwvdXBsb2Fkc1wvMjAyM1wvMDdcL0VNLVZNLTE2LnBuZyJ9\">\n\t\t\t\t\t\t\t<img decoding=\"async\" src=\"https:\/\/enbim.com.br\/site\/wp-content\/uploads\/elementor\/thumbs\/EM-VM-16-q9bfspisazymjclc9a68iq5klpph669utrufv50bi8.png\" title=\"EM VM (16)\" alt=\"EM VM (16)\" class=\"elementor-animation-float\" loading=\"lazy\" \/>\t\t\t\t\t\t\t\t<\/a>\n\t\t\t\t\t\t\t\t\t\t\t\t\t\t\t<\/div>\n\t\t\t\t<\/div>\n\t\t\t\t<\/div>\n\t\t<div class=\"elementor-element elementor-element-7ea040c e-con-full e-flex e-con e-child\" data-id=\"7ea040c\" data-element_type=\"container\">\n\t\t\t\t<div class=\"elementor-element elementor-element-d85afa7 elementor-widget elementor-widget-image\" data-id=\"d85afa7\" data-element_type=\"widget\" data-widget_type=\"image.default\">\n\t\t\t\t<div class=\"elementor-widget-container\">\n\t\t\t\t\t\t\t\t\t\t\t\t\t\t\t\t<a href=\"https:\/\/enbim.com.br\/site\/wp-content\/uploads\/2023\/07\/EM-VM-17.png\" data-elementor-open-lightbox=\"yes\" data-elementor-lightbox-title=\"EM VM (17)\" data-e-action-hash=\"#elementor-action%3Aaction%3Dlightbox%26settings%3DeyJpZCI6MTY5NywidXJsIjoiaHR0cHM6XC9cL2VuYmltLmNvbS5iclwvc2l0ZVwvd3AtY29udGVudFwvdXBsb2Fkc1wvMjAyM1wvMDdcL0VNLVZNLTE3LnBuZyJ9\">\n\t\t\t\t\t\t\t<img decoding=\"async\" src=\"https:\/\/enbim.com.br\/site\/wp-content\/uploads\/elementor\/thumbs\/EM-VM-17-q9bftncz518y5b86rost0hm5zl2ova06yfbx53m5a8.png\" title=\"EM VM (17)\" alt=\"EM VM (17)\" class=\"elementor-animation-float\" loading=\"lazy\" \/>\t\t\t\t\t\t\t\t<\/a>\n\t\t\t\t\t\t\t\t\t\t\t\t\t\t\t<\/div>\n\t\t\t\t<\/div>\n\t\t\t\t<\/div>\n\t\t\t\t<\/div>\n\t\t<div class=\"elementor-element elementor-element-33d5792 e-con-full e-flex e-con e-child\" data-id=\"33d5792\" data-element_type=\"container\">\n\t\t<div class=\"elementor-element elementor-element-ade5028 e-con-full e-flex e-con e-child\" data-id=\"ade5028\" data-element_type=\"container\">\n\t\t\t\t<div class=\"elementor-element elementor-element-2727d57 elementor-widget elementor-widget-video\" data-id=\"2727d57\" data-element_type=\"widget\" data-settings=\"{&quot;youtube_url&quot;:&quot;https:\\\/\\\/youtu.be\\\/tOInBQREMTg&quot;,&quot;video_type&quot;:&quot;youtube&quot;,&quot;controls&quot;:&quot;yes&quot;}\" data-widget_type=\"video.default\">\n\t\t\t\t<div class=\"elementor-widget-container\">\n\t\t\t\t\t\t\t<div class=\"elementor-wrapper elementor-open-inline\">\n\t\t\t<div class=\"elementor-video\"><\/div>\t\t<\/div>\n\t\t\t\t\t\t<\/div>\n\t\t\t\t<\/div>\n\t\t\t\t<\/div>\n\t\t\t\t<\/div>\n\t\t\t\t<\/div>\n\t\t<!-- dce invisible element c5f0515 -->\t\t<\/div>\n\t\t","protected":false},"excerpt":{"rendered":"<p>Projeto comercial escola municipal vm Um verdadeiro desafio \u00e9 conseguir combinar as in\u00fameras ideias de um cliente, mais complicado ainda, \u00e9 quando existem muitas pessoas opinando sobre o projeto. Para se encontrar um denominador comum, n\u00e3o h\u00e1 outra maneira a n\u00e3o ser o di\u00e1logo constante. Com essa escola foi exatamente assim, reuni\u00f5es quase que semanais [&hellip;]<\/p>\n","protected":false},"author":1,"featured_media":0,"parent":2959,"menu_order":0,"comment_status":"closed","ping_status":"closed","template":"elementor_header_footer","meta":{"inline_featured_image":false,"footnotes":""},"class_list":["post-3818","page","type-page","status-publish","hentry","fbv_pt_tax_page-projetos"],"_links":{"self":[{"href":"https:\/\/enbim.com.br\/site\/wp-json\/wp\/v2\/pages\/3818","targetHints":{"allow":["GET"]}}],"collection":[{"href":"https:\/\/enbim.com.br\/site\/wp-json\/wp\/v2\/pages"}],"about":[{"href":"https:\/\/enbim.com.br\/site\/wp-json\/wp\/v2\/types\/page"}],"author":[{"embeddable":true,"href":"https:\/\/enbim.com.br\/site\/wp-json\/wp\/v2\/users\/1"}],"replies":[{"embeddable":true,"href":"https:\/\/enbim.com.br\/site\/wp-json\/wp\/v2\/comments?post=3818"}],"version-history":[{"count":7,"href":"https:\/\/enbim.com.br\/site\/wp-json\/wp\/v2\/pages\/3818\/revisions"}],"predecessor-version":[{"id":4621,"href":"https:\/\/enbim.com.br\/site\/wp-json\/wp\/v2\/pages\/3818\/revisions\/4621"}],"up":[{"embeddable":true,"href":"https:\/\/enbim.com.br\/site\/wp-json\/wp\/v2\/pages\/2959"}],"wp:attachment":[{"href":"https:\/\/enbim.com.br\/site\/wp-json\/wp\/v2\/media?parent=3818"}],"curies":[{"name":"wp","href":"https:\/\/api.w.org\/{rel}","templated":true}]}}